{"id":1319,"date":"2018-11-16T15:04:44","date_gmt":"2018-11-16T15:04:44","guid":{"rendered":"http:\/\/sw-themes.com\/porto_dummy\/?page_id=1319"},"modified":"2018-11-16T15:04:44","modified_gmt":"2018-11-16T15:04:44","slug":"medium-image-sidebar-right","status":"publish","type":"page","link":"https:\/\/oryxexpertise.com\/en\/actualites\/medium-image-sidebar-right\/","title":{"rendered":"Medium Image Sidebar Right"},"content":{"rendered":"<div class=\"wpb-content-wrapper\"><div class=\"vc_row wpb_row row top-row\"><div class=\"vc_column_container col-md-12\"><div class=\"wpb_wrapper vc_column-inner\"><div class=\"porto-blog wpb_content_element   wpb_custom_9c745ac33a8bb4820cfc6b89805915cc porto-blog-e0b603537120859819a60b8e18355fe8\">\r\n\t\t<div class=\"blog-posts posts-medium\">\r\n\r\n\t\t\r\n<article id=\"post-3919\" class=\"post post-medium post-title-simple post-3919 post type-post status-publish format-standard hentry category-non-classe\">\r\n\t<!-- Post meta before content -->\r\n\t<div class=\"row\"><div class=\"col-12\"><div class=\"post-meta\"><span class=\"meta-date\"><i class=\"far fa-calendar-alt\"><\/i>22 December 2025<\/span><span class=\"meta-author\"><i class=\"far fa-user\"><\/i>By <a href=\"https:\/\/oryxexpertise.com\/en\/author\/alexandra\/\" title=\"Posts by alexandra\" rel=\"author\">alexandra<\/a><\/span><span class=\"meta-cats\"><i class=\"far fa-folder\"><\/i><a href=\"https:\/\/oryxexpertise.com\/en\/category\/non-classe\/\" rel=\"category tag\">Non class\u00e9<\/a><\/span><span class=\"d-block float-sm-end mt-3 mt-sm-0\"><a class=\"btn btn-xs btn-default text-xs text-uppercase\" href=\"https:\/\/oryxexpertise.com\/en\/inventaires-des-gorilles-et-chimpanzes-au-sud-cameroun\/\">Read more...<\/a><\/span><\/div><\/div><\/div>\t<div class=\"row\">\r\n\t\t\t<div class=\"col-lg-12\">\r\n\t\r\n\t\t\t<div class=\"post-content\">\r\n\r\n\t\t\t\t\r\n\t\t\t\t<h2 class=\"entry-title\"><a href=\"https:\/\/oryxexpertise.com\/en\/inventaires-des-gorilles-et-chimpanzes-au-sud-cameroun\/\">Inventaires des gorilles et chimpanz\u00e9s au Sud Cameroun<\/a><\/h2>\r\n\r\n\t\t\t\t<span class=\"vcard\" style=\"display: none;\"><span class=\"fn\"><a href=\"https:\/\/oryxexpertise.com\/en\/author\/alexandra\/\" title=\"Posts by alexandra\" rel=\"author\">alexandra<\/a><\/span><\/span><span class=\"updated\" style=\"display:none\">2025-12-22T15:50:52+01:00<\/span><p class=\"post-excerpt\">Apr\u00e8s des mois d\u2019attente et une mission terrain \u00e9prouvante pour notre \u00e9quipe conduite par Ib\u00e9 et Alseny dans les for\u00eats humides du Sud Cameroun, c\u2019est toujours un moment riche en \u00e9motion que de d\u00e9couvrir de...<\/p>\r\n\t\t\t<\/div>\r\n\t\t<\/div>\r\n\t<\/div>\r\n\r\n\t<!-- Post meta after content -->\r\n\t\r\n<\/article>\r\n\r\n<article id=\"post-3897\" class=\"post post-medium post-title-simple post-3897 post type-post status-publish format-standard hentry category-nos-engagements tag-senegal\">\r\n\t<!-- Post meta before content -->\r\n\t<div class=\"row\"><div class=\"col-12\"><div class=\"post-meta\"><span class=\"meta-date\"><i class=\"far fa-calendar-alt\"><\/i>5 December 2024<\/span><span class=\"meta-author\"><i class=\"far fa-user\"><\/i>By <a href=\"https:\/\/oryxexpertise.com\/en\/author\/alexandra\/\" title=\"Posts by alexandra\" rel=\"author\">alexandra<\/a><\/span><span class=\"meta-cats\"><i class=\"far fa-folder\"><\/i><a href=\"https:\/\/oryxexpertise.com\/en\/category\/nos-engagements\/\" rel=\"category tag\">Nos engagements<\/a><\/span><span class=\"d-block float-sm-end mt-3 mt-sm-0\"><a class=\"btn btn-xs btn-default text-xs text-uppercase\" href=\"https:\/\/oryxexpertise.com\/en\/les-puits-de-sel-de-palmarin-au-senegal-entre-defis-environnementaux-et-solutions-durables\/\">Read more...<\/a><\/span><\/div><\/div><\/div>\t<div class=\"row\">\r\n\t\t\t<div class=\"col-lg-12\">\r\n\t\r\n\t\t\t<div class=\"post-content\">\r\n\r\n\t\t\t\t\r\n\t\t\t\t<h2 class=\"entry-title\"><a href=\"https:\/\/oryxexpertise.com\/en\/les-puits-de-sel-de-palmarin-au-senegal-entre-defis-environnementaux-et-solutions-durables\/\">Puits de sel de Palmarins (S\u00e9n\u00e9gal) :Entre d\u00e9fis environnementaux et am\u00e9lioration des pratiques<\/a><\/h2>\r\n\r\n\t\t\t\t<span class=\"vcard\" style=\"display: none;\"><span class=\"fn\"><a href=\"https:\/\/oryxexpertise.com\/en\/author\/alexandra\/\" title=\"Posts by alexandra\" rel=\"author\">alexandra<\/a><\/span><\/span><span class=\"updated\" style=\"display:none\">2024-12-05T12:13:51+01:00<\/span><p class=\"post-excerpt\"><h2>Le S\u00e9n\u00e9gal, Leader de la Production de Sel en Afrique de l'Ouest<\/h2>\r\nAvec une production annuelle d\u00e9passant les 450 000 tonnes, le S\u00e9n\u00e9gal se positionne comme le premier producteur de sel en Afrique de l\u2019Ouest. Une...<\/p>\r\n\t\t\t<\/div>\r\n\t\t<\/div>\r\n\t<\/div>\r\n\r\n\t<!-- Post meta after content -->\r\n\t\r\n<\/article>\r\n\r\n<article id=\"post-3735\" class=\"post post-medium post-title-simple post-3735 post type-post status-publish format-standard hentry category-non-classe\">\r\n\t<!-- Post meta before content -->\r\n\t<div class=\"row\"><div class=\"col-12\"><div class=\"post-meta\"><span class=\"meta-date\"><i class=\"far fa-calendar-alt\"><\/i>17 October 2024<\/span><span class=\"meta-author\"><i class=\"far fa-user\"><\/i>By <a href=\"https:\/\/oryxexpertise.com\/en\/author\/alexandra\/\" title=\"Posts by alexandra\" rel=\"author\">alexandra<\/a><\/span><span class=\"meta-cats\"><i class=\"far fa-folder\"><\/i><a href=\"https:\/\/oryxexpertise.com\/en\/category\/non-classe\/\" rel=\"category tag\">Non class\u00e9<\/a><\/span><span class=\"d-block float-sm-end mt-3 mt-sm-0\"><a class=\"btn btn-xs btn-default text-xs text-uppercase\" href=\"https:\/\/oryxexpertise.com\/en\/eoliennes-et-biodiversite-un-impact-sur-les-oiseaux-et-chauves-souris\/\">Read more...<\/a><\/span><\/div><\/div><\/div>\t<div class=\"row\">\r\n\t\t\t<div class=\"col-lg-12\">\r\n\t\r\n\t\t\t<div class=\"post-content\">\r\n\r\n\t\t\t\t\r\n\t\t\t\t<h2 class=\"entry-title\"><a href=\"https:\/\/oryxexpertise.com\/en\/eoliennes-et-biodiversite-un-impact-sur-les-oiseaux-et-chauves-souris\/\">\u00c9oliennes et Biodiversit\u00e9 : Un Impact sur les Oiseaux et Chauves-souris<\/a><\/h2>\r\n\r\n\t\t\t\t<span class=\"vcard\" style=\"display: none;\"><span class=\"fn\"><a href=\"https:\/\/oryxexpertise.com\/en\/author\/alexandra\/\" title=\"Posts by alexandra\" rel=\"author\">alexandra<\/a><\/span><\/span><span class=\"updated\" style=\"display:none\">2024-10-17T11:20:48+02:00<\/span><p class=\"post-excerpt\">Les \u00e9oliennes repr\u00e9sentent une source d'\u00e9nergie renouvelable importante, mais elles peuvent aussi avoir des effets n\u00e9gatifs sur la faune, notamment les oiseaux et les chauves-souris. Ces esp\u00e8ces sont particuli\u00e8rement vuln\u00e9rables aux collisions avec les \u00e9oliennes...<\/p>\r\n\t\t\t<\/div>\r\n\t\t<\/div>\r\n\t<\/div>\r\n\r\n\t<!-- Post meta after content -->\r\n\t\r\n<\/article>\r\n\r\n<article id=\"post-3728\" class=\"post post-medium post-title-simple post-3728 post type-post status-publish format-standard hentry category-nos-engagements\">\r\n\t<!-- Post meta before content -->\r\n\t<div class=\"row\"><div class=\"col-12\"><div class=\"post-meta\"><span class=\"meta-date\"><i class=\"far fa-calendar-alt\"><\/i>10 October 2024<\/span><span class=\"meta-author\"><i class=\"far fa-user\"><\/i>By <a href=\"https:\/\/oryxexpertise.com\/en\/author\/alexandra\/\" title=\"Posts by alexandra\" rel=\"author\">alexandra<\/a><\/span><span class=\"meta-cats\"><i class=\"far fa-folder\"><\/i><a href=\"https:\/\/oryxexpertise.com\/en\/category\/nos-engagements\/\" rel=\"category tag\">Nos engagements<\/a><\/span><span class=\"d-block float-sm-end mt-3 mt-sm-0\"><a class=\"btn btn-xs btn-default text-xs text-uppercase\" href=\"https:\/\/oryxexpertise.com\/en\/oryx-investigations-pour-la-preservation-des-estuaires\/\">Read more...<\/a><\/span><\/div><\/div><\/div>\t<div class=\"row\">\r\n\t\t\t<div class=\"col-lg-12\">\r\n\t\r\n\t\t\t<div class=\"post-content\">\r\n\r\n\t\t\t\t\r\n\t\t\t\t<h2 class=\"entry-title\"><a href=\"https:\/\/oryxexpertise.com\/en\/oryx-investigations-pour-la-preservation-des-estuaires\/\">ORYX : Investigations pour la Pr\u00e9servation des Estuaires<\/a><\/h2>\r\n\r\n\t\t\t\t<span class=\"vcard\" style=\"display: none;\"><span class=\"fn\"><a href=\"https:\/\/oryxexpertise.com\/en\/author\/alexandra\/\" title=\"Posts by alexandra\" rel=\"author\">alexandra<\/a><\/span><\/span><span class=\"updated\" style=\"display:none\">2024-10-10T15:09:11+02:00<\/span><p class=\"post-excerpt\"><h2>L'Importance des Estuaires dans la Conservation Environnementale<\/h2>\r\nLes estuaires, situ\u00e9s entre les fleuves et l'oc\u00e9an, jouent un r\u00f4le cl\u00e9 dans la r\u00e9gulation des \u00e9cosyst\u00e8mes c\u00f4tiers. Ces milieux particuliers, \u00e0 la fois riches en biodiversit\u00e9 et extr\u00eamement...<\/p>\r\n\t\t\t<\/div>\r\n\t\t<\/div>\r\n\t<\/div>\r\n\r\n\t<!-- Post meta after content -->\r\n\t\r\n<\/article>\r\n\r\n<article id=\"post-3721\" class=\"post post-medium post-title-simple post-3721 post type-post status-publish format-standard hentry category-nos-engagements\">\r\n\t<!-- Post meta before content -->\r\n\t<div class=\"row\"><div class=\"col-12\"><div class=\"post-meta\"><span class=\"meta-date\"><i class=\"far fa-calendar-alt\"><\/i>3 October 2024<\/span><span class=\"meta-author\"><i class=\"far fa-user\"><\/i>By <a href=\"https:\/\/oryxexpertise.com\/en\/author\/alexandra\/\" title=\"Posts by alexandra\" rel=\"author\">alexandra<\/a><\/span><span class=\"meta-cats\"><i class=\"far fa-folder\"><\/i><a href=\"https:\/\/oryxexpertise.com\/en\/category\/nos-engagements\/\" rel=\"category tag\">Nos engagements<\/a><\/span><span class=\"d-block float-sm-end mt-3 mt-sm-0\"><a class=\"btn btn-xs btn-default text-xs text-uppercase\" href=\"https:\/\/oryxexpertise.com\/en\/oryx-un-engagement-pour-la-conservation-des-chimpanzes-dafrique-de-louest-pan-troglodytes-verus\/\">Read more...<\/a><\/span><\/div><\/div><\/div>\t<div class=\"row\">\r\n\t\t\t<div class=\"col-lg-12\">\r\n\t\r\n\t\t\t<div class=\"post-content\">\r\n\r\n\t\t\t\t\r\n\t\t\t\t<h2 class=\"entry-title\"><a href=\"https:\/\/oryxexpertise.com\/en\/oryx-un-engagement-pour-la-conservation-des-chimpanzes-dafrique-de-louest-pan-troglodytes-verus\/\">ORYX : Un Engagement pour la Conservation des Chimpanz\u00e9s d&rsquo;Afrique de l&rsquo;Ouest (Pan troglodytes verus)<\/a><\/h2>\r\n\r\n\t\t\t\t<span class=\"vcard\" style=\"display: none;\"><span class=\"fn\"><a href=\"https:\/\/oryxexpertise.com\/en\/author\/alexandra\/\" title=\"Posts by alexandra\" rel=\"author\">alexandra<\/a><\/span><\/span><span class=\"updated\" style=\"display:none\">2024-10-03T09:47:22+02:00<\/span><p class=\"post-excerpt\"><h2>La Situation Critique des Chimpanz\u00e9s d'Afrique de l'Ouest<\/h2>\r\nLes chimpanz\u00e9s d'Afrique de l'Ouest, \u00e9galement appel\u00e9s Pan troglodytes verus, sont aujourd'hui en grand danger. Leur aire de r\u00e9partition g\u00e9ographique s'\u00e9tend sur huit pays d'Afrique de l'Ouest, couvrant...<\/p>\r\n\t\t\t<\/div>\r\n\t\t<\/div>\r\n\t<\/div>\r\n\r\n\t<!-- Post meta after content -->\r\n\t\r\n<\/article>\r\n\r\n<article id=\"post-3707\" class=\"post post-medium post-title-simple post-3707 post type-post status-publish format-standard hentry category-institutionnel\">\r\n\t<!-- Post meta before content -->\r\n\t<div class=\"row\"><div class=\"col-12\"><div class=\"post-meta\"><span class=\"meta-date\"><i class=\"far fa-calendar-alt\"><\/i>27 September 2024<\/span><span class=\"meta-author\"><i class=\"far fa-user\"><\/i>By <a href=\"https:\/\/oryxexpertise.com\/en\/author\/alexandra\/\" title=\"Posts by alexandra\" rel=\"author\">alexandra<\/a><\/span><span class=\"meta-cats\"><i class=\"far fa-folder\"><\/i><a href=\"https:\/\/oryxexpertise.com\/en\/category\/institutionnel\/\" rel=\"category tag\">Corporate<\/a><\/span><span class=\"d-block float-sm-end mt-3 mt-sm-0\"><a class=\"btn btn-xs btn-default text-xs text-uppercase\" href=\"https:\/\/oryxexpertise.com\/en\/oryx-accompagne-les-grands-projets-structurants-de-la-guinee\/\">Read more...<\/a><\/span><\/div><\/div><\/div>\t<div class=\"row\">\r\n\t\t\t<div class=\"col-lg-12\">\r\n\t\r\n\t\t\t<div class=\"post-content\">\r\n\r\n\t\t\t\t\r\n\t\t\t\t<h2 class=\"entry-title\"><a href=\"https:\/\/oryxexpertise.com\/en\/oryx-accompagne-les-grands-projets-structurants-de-la-guinee\/\">ORYX accompagne les grands projets structurants de la Guin\u00e9e<\/a><\/h2>\r\n\r\n\t\t\t\t<span class=\"vcard\" style=\"display: none;\"><span class=\"fn\"><a href=\"https:\/\/oryxexpertise.com\/en\/author\/alexandra\/\" title=\"Posts by alexandra\" rel=\"author\">alexandra<\/a><\/span><\/span><span class=\"updated\" style=\"display:none\">2024-10-01T10:56:09+02:00<\/span><p class=\"post-excerpt\"><h3>Cadre R\u00e9glementaire des \u00c9valuations Environnementales<\/h3>\r\nORYX accompagne les grands projets structurants de la Guin\u00e9e. Pour l\u2019ensemble des projets d\u2019am\u00e9nagements et d\u2019infrastructures en R\u00e9publique de Guin\u00e9e, les autorit\u00e9s nationales imposent, conform\u00e9ment \u00e0 l\u2019arr\u00eat\u00e9 A\/2023\/1595\/MEDD\/CAB\/SGG, une proc\u00e9dure administrative...<\/p>\r\n\t\t\t<\/div>\r\n\t\t<\/div>\r\n\t<\/div>\r\n\r\n\t<!-- Post meta after content -->\r\n\t\r\n<\/article>\r\n\r\n\t\r\n\t\t<\/div>\r\n\r\n\t\r\n\t\t\t\t\t\t<div class=\"clearfix\"><\/div>\r\n\t\t\t<div class=\"pagination-wrap\">\r\n\t\t\t\t\t\t\t\t<div class=\"pagination\" role=\"navigation\">\r\n\t\t\t\t\t<span aria-current=\"page\" class=\"page-numbers current\">1<\/span><a class=\"page-numbers\" href=\"https:\/\/oryxexpertise.com\/en\/wp-json\/wp\/v2\/pages\/1319\/page\/2\/\">2<\/a><span class=\"page-numbers dots\">&hellip;<\/span><a class=\"page-numbers\" href=\"https:\/\/oryxexpertise.com\/en\/wp-json\/wp\/v2\/pages\/1319\/page\/4\/\">4<\/a><a class=\"next page-numbers\" href=\"https:\/\/oryxexpertise.com\/en\/wp-json\/wp\/v2\/pages\/1319\/page\/2\/\">Next&nbsp;&nbsp;<i class=\"fas fa-long-arrow-alt-right\"><\/i><\/a>\t\t\t\t<\/div>\r\n\t\t\t<\/div>\r\n\t\t\t\t\r\n\t<\/div><\/div><\/div><\/div>\n<\/div>","protected":false},"excerpt":{"rendered":"Cadre R\u00e9glementaire des \u00c9valuations Environnementales ORYX accompagne les grands projets structurants de la Guin\u00e9e. Pour l\u2019ensemble des projets d\u2019am\u00e9nagements et d\u2019infrastructures en R\u00e9publique de Guin\u00e9e, les autorit\u00e9s nationales imposent, conform\u00e9ment \u00e0 l\u2019arr\u00eat\u00e9 A\/2023\/1595\/MEDD\/CAB\/SGG, une proc\u00e9dure administrative d\u2019\u00e9valuations environnementales. Cette r\u00e9glementation, rigoureusement appliqu\u00e9e, exige l\u2019\u00e9laboration d\u2019une s\u00e9rie d\u2019\u00e9tapes essentielles afin de s\u2019assurer que tout projet de [...]","protected":false},"author":1,"featured_media":0,"parent":144,"menu_order":0,"comment_status":"closed","ping_status":"closed","template":"","meta":{"footnotes":""},"class_list":["post-1319","page","type-page","status-publish","hentry"],"yoast_head":"<!-- This site is optimized with the Yoast SEO plugin v23.5 - https:\/\/yoast.com\/wordpress\/plugins\/seo\/ -->\n<title>Medium Image Sidebar Right - Oryx Expertise<\/title>\n<meta name=\"robots\" content=\"index, follow, max-snippet:-1, max-image-preview:large, max-video-preview:-1\" \/>\n<link rel=\"canonical\" href=\"https:\/\/oryxexpertise.com\/en\/actualites\/medium-image-sidebar-right\/\" \/>\n<meta property=\"og:locale\" content=\"en_GB\" \/>\n<meta property=\"og:type\" content=\"article\" \/>\n<meta property=\"og:title\" content=\"Medium Image Sidebar Right - Oryx Expertise\" \/>\n<meta property=\"og:url\" content=\"https:\/\/oryxexpertise.com\/en\/actualites\/medium-image-sidebar-right\/\" \/>\n<meta property=\"og:site_name\" content=\"Oryx Expertise\" \/>\n<meta name=\"twitter:card\" content=\"summary_large_image\" \/>\n<script type=\"application\/ld+json\" class=\"yoast-schema-graph\">{\"@context\":\"https:\/\/schema.org\",\"@graph\":[{\"@type\":\"WebPage\",\"@id\":\"https:\/\/oryxexpertise.com\/actualites\/medium-image-sidebar-right\/\",\"url\":\"https:\/\/oryxexpertise.com\/actualites\/medium-image-sidebar-right\/\",\"name\":\"Medium Image Sidebar Right - Oryx Expertise\",\"isPartOf\":{\"@id\":\"https:\/\/oryxexpertise.com\/#website\"},\"datePublished\":\"2018-11-16T15:04:44+00:00\",\"dateModified\":\"2018-11-16T15:04:44+00:00\",\"breadcrumb\":{\"@id\":\"https:\/\/oryxexpertise.com\/actualites\/medium-image-sidebar-right\/#breadcrumb\"},\"inLanguage\":\"en-GB\",\"potentialAction\":[{\"@type\":\"ReadAction\",\"target\":[\"https:\/\/oryxexpertise.com\/actualites\/medium-image-sidebar-right\/\"]}]},{\"@type\":\"BreadcrumbList\",\"@id\":\"https:\/\/oryxexpertise.com\/actualites\/medium-image-sidebar-right\/#breadcrumb\",\"itemListElement\":[{\"@type\":\"ListItem\",\"position\":1,\"name\":\"Accueil\",\"item\":\"https:\/\/oryxexpertise.com\/\"},{\"@type\":\"ListItem\",\"position\":2,\"name\":\"Actualit\u00e9s\",\"item\":\"https:\/\/oryxexpertise.com\/actualites\/\"},{\"@type\":\"ListItem\",\"position\":3,\"name\":\"Medium Image Sidebar Right\"}]},{\"@type\":\"WebSite\",\"@id\":\"https:\/\/oryxexpertise.com\/#website\",\"url\":\"https:\/\/oryxexpertise.com\/\",\"name\":\"Oryx Expertise\",\"description\":\"Pour la conservation inclusive de la biodiversit\u00e9 et des \u00e9cosyst\u00e8mes ORYX accompagne vos projets\",\"publisher\":{\"@id\":\"https:\/\/oryxexpertise.com\/#organization\"},\"potentialAction\":[{\"@type\":\"SearchAction\",\"target\":{\"@type\":\"EntryPoint\",\"urlTemplate\":\"https:\/\/oryxexpertise.com\/?s={search_term_string}\"},\"query-input\":{\"@type\":\"PropertyValueSpecification\",\"valueRequired\":true,\"valueName\":\"search_term_string\"}}],\"inLanguage\":\"en-GB\"},{\"@type\":\"Organization\",\"@id\":\"https:\/\/oryxexpertise.com\/#organization\",\"name\":\"Oryx Expertise\",\"url\":\"https:\/\/oryxexpertise.com\/\",\"logo\":{\"@type\":\"ImageObject\",\"inLanguage\":\"en-GB\",\"@id\":\"https:\/\/oryxexpertise.com\/#\/schema\/logo\/image\/\",\"url\":\"https:\/\/oryxexpertise.com\/wp-content\/uploads\/2022\/01\/LOGO-ORYX-EXPERTISE-e1674722111770.png\",\"contentUrl\":\"https:\/\/oryxexpertise.com\/wp-content\/uploads\/2022\/01\/LOGO-ORYX-EXPERTISE-e1674722111770.png\",\"width\":300,\"height\":150,\"caption\":\"Oryx Expertise\"},\"image\":{\"@id\":\"https:\/\/oryxexpertise.com\/#\/schema\/logo\/image\/\"},\"sameAs\":[\"https:\/\/www.linkedin.com\/company\/oryx-expertise-groupe\/\"]}]}<\/script>\n<!-- \/ Yoast SEO plugin. -->","yoast_head_json":{"title":"Medium Image Sidebar Right - Oryx Expertise","robots":{"index":"index","follow":"follow","max-snippet":"max-snippet:-1","max-image-preview":"max-image-preview:large","max-video-preview":"max-video-preview:-1"},"canonical":"https:\/\/oryxexpertise.com\/en\/actualites\/medium-image-sidebar-right\/","og_locale":"en_GB","og_type":"article","og_title":"Medium Image Sidebar Right - Oryx Expertise","og_url":"https:\/\/oryxexpertise.com\/en\/actualites\/medium-image-sidebar-right\/","og_site_name":"Oryx Expertise","twitter_card":"summary_large_image","schema":{"@context":"https:\/\/schema.org","@graph":[{"@type":"WebPage","@id":"https:\/\/oryxexpertise.com\/actualites\/medium-image-sidebar-right\/","url":"https:\/\/oryxexpertise.com\/actualites\/medium-image-sidebar-right\/","name":"Medium Image Sidebar Right - Oryx Expertise","isPartOf":{"@id":"https:\/\/oryxexpertise.com\/#website"},"datePublished":"2018-11-16T15:04:44+00:00","dateModified":"2018-11-16T15:04:44+00:00","breadcrumb":{"@id":"https:\/\/oryxexpertise.com\/actualites\/medium-image-sidebar-right\/#breadcrumb"},"inLanguage":"en-GB","potentialAction":[{"@type":"ReadAction","target":["https:\/\/oryxexpertise.com\/actualites\/medium-image-sidebar-right\/"]}]},{"@type":"BreadcrumbList","@id":"https:\/\/oryxexpertise.com\/actualites\/medium-image-sidebar-right\/#breadcrumb","itemListElement":[{"@type":"ListItem","position":1,"name":"Accueil","item":"https:\/\/oryxexpertise.com\/"},{"@type":"ListItem","position":2,"name":"Actualit\u00e9s","item":"https:\/\/oryxexpertise.com\/actualites\/"},{"@type":"ListItem","position":3,"name":"Medium Image Sidebar Right"}]},{"@type":"WebSite","@id":"https:\/\/oryxexpertise.com\/#website","url":"https:\/\/oryxexpertise.com\/","name":"Oryx expertise group","description":"Pour la conservation inclusive de la biodiversit\u00e9 et des \u00e9cosyst\u00e8mes ORYX accompagne vos projets","publisher":{"@id":"https:\/\/oryxexpertise.com\/#organization"},"potentialAction":[{"@type":"SearchAction","target":{"@type":"EntryPoint","urlTemplate":"https:\/\/oryxexpertise.com\/?s={search_term_string}"},"query-input":{"@type":"PropertyValueSpecification","valueRequired":true,"valueName":"search_term_string"}}],"inLanguage":"en-GB"},{"@type":"Organization","@id":"https:\/\/oryxexpertise.com\/#organization","name":"Oryx expertise group","url":"https:\/\/oryxexpertise.com\/","logo":{"@type":"ImageObject","inLanguage":"en-GB","@id":"https:\/\/oryxexpertise.com\/#\/schema\/logo\/image\/","url":"https:\/\/oryxexpertise.com\/wp-content\/uploads\/2022\/01\/LOGO-ORYX-EXPERTISE-e1674722111770.png","contentUrl":"https:\/\/oryxexpertise.com\/wp-content\/uploads\/2022\/01\/LOGO-ORYX-EXPERTISE-e1674722111770.png","width":300,"height":150,"caption":"Oryx Expertise"},"image":{"@id":"https:\/\/oryxexpertise.com\/#\/schema\/logo\/image\/"},"sameAs":["https:\/\/www.linkedin.com\/company\/oryx-expertise-groupe\/"]}]}},"_links":{"self":[{"href":"https:\/\/oryxexpertise.com\/en\/wp-json\/wp\/v2\/pages\/1319","targetHints":{"allow":["GET"]}}],"collection":[{"href":"https:\/\/oryxexpertise.com\/en\/wp-json\/wp\/v2\/pages"}],"about":[{"href":"https:\/\/oryxexpertise.com\/en\/wp-json\/wp\/v2\/types\/page"}],"author":[{"embeddable":true,"href":"https:\/\/oryxexpertise.com\/en\/wp-json\/wp\/v2\/users\/1"}],"replies":[{"embeddable":true,"href":"https:\/\/oryxexpertise.com\/en\/wp-json\/wp\/v2\/comments?post=1319"}],"version-history":[{"count":0,"href":"https:\/\/oryxexpertise.com\/en\/wp-json\/wp\/v2\/pages\/1319\/revisions"}],"up":[{"embeddable":true,"href":"https:\/\/oryxexpertise.com\/en\/wp-json\/wp\/v2\/pages\/144"}],"wp:attachment":[{"href":"https:\/\/oryxexpertise.com\/en\/wp-json\/wp\/v2\/media?parent=1319"}],"curies":[{"name":"wp","href":"https:\/\/api.w.org\/{rel}","templated":true}]}}