{"id":1652,"date":"2018-11-30T05:00:39","date_gmt":"2018-11-30T05:00:39","guid":{"rendered":"http:\/\/sw-themes.com\/porto_dummy\/?page_id=1652"},"modified":"2018-11-30T05:00:39","modified_gmt":"2018-11-30T05:00:39","slug":"full-width","status":"publish","type":"page","link":"https:\/\/oryxexpertise.com\/en\/full-width\/","title":{"rendered":"Full Width"},"content":{"rendered":"<h2 class=\"mb-2\"><strong class=\"font-weight-extra-bold\">Full<\/strong>\u00a0<span class=\"font-weight-normal\">Width Page<\/span><\/h2>\n<p class=\"lead\">Lorem ipsum dolor sit amet, consectetur adipiscing elit. Curabitur pellentesque neque eget diam posuere porta. Quisque ut nulla at nunc\u00a0<a href=\"#\">vehicula<\/a>\u00a0lacinia. Proin adipiscing porta tellus, ut feugiat nibh adipiscing sit amet. In eu justo a felis faucibus ornare vel id metus. Vestibulum ante ipsum primis in faucibus orci luctus et ultrices posuere cubilia Curae; In eu libero ligula.<\/p>\n<p><img fetchpriority=\"high\" decoding=\"async\" class=\"float-start img-fluid\" src=\"\/\/sw-themes.com\/porto_dummy\/wp-content\/uploads\/images\/device.png\" alt=\"Device\" width=\"300\" height=\"211\" \/><\/p>\n<p>Lorem ipsum dolor sit amet, consectetur adipiscing elit. Curabitur pellentesque neque eget diam posuere porta. Quisque ut nulla at nunc\u00a0<a href=\"#\">vehicula<\/a>\u00a0lacinia. Proin adipiscing porta tellus, ut feugiat nibh adipiscing sit amet. In eu justo a felis faucibus ornare vel id metus. Vestibulum ante ipsum primis in faucibus orci luctus et ultrices posuere cubilia Curae; In eu libero ligula. Fusce eget metus lorem, ac viverra leo. Nullam convallis, arcu vel pellentesque sodales, nisi est varius diam, ac ultrices sem ante quis sem. Proin ultricies volutpat sapien, nec scelerisque ligula mollis lobortis.<\/p>\n<p>Lorem ipsum dolor sit amet, consectetur adipiscing elit. Curabitur pellentesque neque eget diam posuere porta. Quisque ut nulla at nunc\u00a0<a href=\"#\">vehicula<\/a>\u00a0lacinia. Proin adipiscing porta tellus, ut feugiat nibh adipiscing sit amet. In eu justo a felis faucibus ornare vel id metus. Vestibulum ante ipsum primis in faucibus orci luctus et ultrices posuere cubilia Curae; In eu libero ligula. Fusce eget metus lorem, ac viverra leo. Nullam convallis, arcu vel pellentesque sodales, nisi est varius diam, ac ultrices sem ante quis sem. Proin ultricies volutpat sapien, nec scelerisque ligula mollis lobortis.<\/p>\n<p>Curabitur pellentesque neque eget diam posuere porta. Quisque ut nulla at nunc vehicula lacinia. Proin adipiscing porta tellus, ut feugiat nibh adipiscing sit amet. In eu justo a felis faucibus ornare vel id metus. Vestibulum ante ipsum primis in faucibus orci luctus et ultrices posuere cubilia Curae; In eu libero ligula. Fusce eget metus lorem, ac viverra leo. Vestibulum ante ipsum primis in faucibus orci luctus et ultrices posuere cubilia Curae; In eu libero ligula. Fusce eget metus lorem, ac viverra leo. Vestibulum ante ipsum primis in faucibus orci.<\/p>\n<p>Lorem ipsum dolor sit amet, consectetur adipiscing elit. Curabitur pellentesque neque eget diam posuere porta. Quisque ut nulla at nunc\u00a0<a href=\"#\">vehicula<\/a>\u00a0lacinia. Proin adipiscing porta tellus, ut feugiat nibh adipiscing sit amet. In eu justo a felis faucibus ornare vel id metus. Vestibulum ante ipsum primis in faucibus orci luctus et ultrices posuere cubilia Curae; In eu libero ligula. Fusce eget metus lorem, ac viverra leo. Nullam convallis, arcu vel pellentesque sodales, nisi est varius diam, ac ultrices sem ante quis sem. Proin ultricies volutpat sapien, nec scelerisque ligula mollis lobortis.<\/p>\n<p>Curabitur pellentesque neque eget diam posuere porta. Quisque ut nulla at nunc vehicula lacinia. Proin adipiscing porta tellus, ut feugiat nibh adipiscing sit amet. In eu justo a felis faucibus ornare vel id metus. Vestibulum ante ipsum primis in faucibus orci luctus et ultrices posuere cubilia Curae; In eu libero ligula. Fusce eget metus lorem, ac viverra leo. Vestibulum ante ipsum primis in faucibus orci luctus et ultrices posuere cubilia Curae; In eu libero ligula. Fusce eget metus lorem, ac viverra leo. Vestibulum ante ipsum primis in faucibus orci.<\/p>","protected":false},"excerpt":{"rendered":"<p>Full\u00a0Width Page Lorem ipsum dolor sit amet, consectetur adipiscing elit. Curabitur pellentesque neque eget diam posuere porta. Quisque ut nulla at nunc\u00a0vehicula\u00a0lacinia. Proin adipiscing porta tellus, ut feugiat nibh adipiscing sit amet. In eu justo a felis faucibus ornare vel id metus. Vestibulum ante ipsum primis in faucibus orci luctus et ultrices posuere cubilia Curae; [&hellip;]<\/p>\n","protected":false},"author":1,"featured_media":0,"parent":0,"menu_order":0,"comment_status":"closed","ping_status":"closed","template":"","meta":{"footnotes":""},"class_list":["post-1652","page","type-page","status-publish","hentry"],"yoast_head":"<!-- This site is optimized with the Yoast SEO plugin v23.5 - https:\/\/yoast.com\/wordpress\/plugins\/seo\/ -->\n<title>Full Width - Oryx Expertise<\/title>\n<meta name=\"robots\" content=\"index, follow, max-snippet:-1, max-image-preview:large, max-video-preview:-1\" \/>\n<link rel=\"canonical\" href=\"https:\/\/oryxexpertise.com\/en\/full-width\/\" \/>\n<meta property=\"og:locale\" content=\"en_GB\" \/>\n<meta property=\"og:type\" content=\"article\" \/>\n<meta property=\"og:title\" content=\"Full Width - Oryx Expertise\" \/>\n<meta property=\"og:description\" content=\"Full\u00a0Width Page Lorem ipsum dolor sit amet, consectetur adipiscing elit. Curabitur pellentesque neque eget diam posuere porta. Quisque ut nulla at nunc\u00a0vehicula\u00a0lacinia. Proin adipiscing porta tellus, ut feugiat nibh adipiscing sit amet. In eu justo a felis faucibus ornare vel id metus. Vestibulum ante ipsum primis in faucibus orci luctus et ultrices posuere cubilia Curae; [&hellip;]\" \/>\n<meta property=\"og:url\" content=\"https:\/\/oryxexpertise.com\/en\/full-width\/\" \/>\n<meta property=\"og:site_name\" content=\"Oryx Expertise\" \/>\n<meta name=\"twitter:card\" content=\"summary_large_image\" \/>\n<meta name=\"twitter:label1\" content=\"Estimated reading time\" \/>\n\t<meta name=\"twitter:data1\" content=\"3 minutes\" \/>\n<script type=\"application\/ld+json\" class=\"yoast-schema-graph\">{\"@context\":\"https:\/\/schema.org\",\"@graph\":[{\"@type\":\"WebPage\",\"@id\":\"https:\/\/oryxexpertise.com\/full-width\/\",\"url\":\"https:\/\/oryxexpertise.com\/full-width\/\",\"name\":\"Full Width - Oryx Expertise\",\"isPartOf\":{\"@id\":\"https:\/\/oryxexpertise.com\/#website\"},\"datePublished\":\"2018-11-30T05:00:39+00:00\",\"dateModified\":\"2018-11-30T05:00:39+00:00\",\"breadcrumb\":{\"@id\":\"https:\/\/oryxexpertise.com\/full-width\/#breadcrumb\"},\"inLanguage\":\"en-GB\",\"potentialAction\":[{\"@type\":\"ReadAction\",\"target\":[\"https:\/\/oryxexpertise.com\/full-width\/\"]}]},{\"@type\":\"BreadcrumbList\",\"@id\":\"https:\/\/oryxexpertise.com\/full-width\/#breadcrumb\",\"itemListElement\":[{\"@type\":\"ListItem\",\"position\":1,\"name\":\"Accueil\",\"item\":\"https:\/\/oryxexpertise.com\/\"},{\"@type\":\"ListItem\",\"position\":2,\"name\":\"Full Width\"}]},{\"@type\":\"WebSite\",\"@id\":\"https:\/\/oryxexpertise.com\/#website\",\"url\":\"https:\/\/oryxexpertise.com\/\",\"name\":\"Oryx Expertise\",\"description\":\"Pour la conservation inclusive de la biodiversit\u00e9 et des \u00e9cosyst\u00e8mes ORYX accompagne vos projets\",\"publisher\":{\"@id\":\"https:\/\/oryxexpertise.com\/#organization\"},\"potentialAction\":[{\"@type\":\"SearchAction\",\"target\":{\"@type\":\"EntryPoint\",\"urlTemplate\":\"https:\/\/oryxexpertise.com\/?s={search_term_string}\"},\"query-input\":{\"@type\":\"PropertyValueSpecification\",\"valueRequired\":true,\"valueName\":\"search_term_string\"}}],\"inLanguage\":\"en-GB\"},{\"@type\":\"Organization\",\"@id\":\"https:\/\/oryxexpertise.com\/#organization\",\"name\":\"Oryx Expertise\",\"url\":\"https:\/\/oryxexpertise.com\/\",\"logo\":{\"@type\":\"ImageObject\",\"inLanguage\":\"en-GB\",\"@id\":\"https:\/\/oryxexpertise.com\/#\/schema\/logo\/image\/\",\"url\":\"https:\/\/oryxexpertise.com\/wp-content\/uploads\/2022\/01\/LOGO-ORYX-EXPERTISE-e1674722111770.png\",\"contentUrl\":\"https:\/\/oryxexpertise.com\/wp-content\/uploads\/2022\/01\/LOGO-ORYX-EXPERTISE-e1674722111770.png\",\"width\":300,\"height\":150,\"caption\":\"Oryx Expertise\"},\"image\":{\"@id\":\"https:\/\/oryxexpertise.com\/#\/schema\/logo\/image\/\"},\"sameAs\":[\"https:\/\/www.linkedin.com\/company\/oryx-expertise-groupe\/\"]}]}<\/script>\n<!-- \/ Yoast SEO plugin. -->","yoast_head_json":{"title":"Full Width - Oryx Expertise","robots":{"index":"index","follow":"follow","max-snippet":"max-snippet:-1","max-image-preview":"max-image-preview:large","max-video-preview":"max-video-preview:-1"},"canonical":"https:\/\/oryxexpertise.com\/en\/full-width\/","og_locale":"en_GB","og_type":"article","og_title":"Full Width - Oryx Expertise","og_description":"Full\u00a0Width Page Lorem ipsum dolor sit amet, consectetur adipiscing elit. Curabitur pellentesque neque eget diam posuere porta. Quisque ut nulla at nunc\u00a0vehicula\u00a0lacinia. Proin adipiscing porta tellus, ut feugiat nibh adipiscing sit amet. In eu justo a felis faucibus ornare vel id metus. Vestibulum ante ipsum primis in faucibus orci luctus et ultrices posuere cubilia Curae; [&hellip;]","og_url":"https:\/\/oryxexpertise.com\/en\/full-width\/","og_site_name":"Oryx Expertise","twitter_card":"summary_large_image","twitter_misc":{"Estimated reading time":"3 minutes"},"schema":{"@context":"https:\/\/schema.org","@graph":[{"@type":"WebPage","@id":"https:\/\/oryxexpertise.com\/full-width\/","url":"https:\/\/oryxexpertise.com\/full-width\/","name":"Full Width - Oryx Expertise","isPartOf":{"@id":"https:\/\/oryxexpertise.com\/#website"},"datePublished":"2018-11-30T05:00:39+00:00","dateModified":"2018-11-30T05:00:39+00:00","breadcrumb":{"@id":"https:\/\/oryxexpertise.com\/full-width\/#breadcrumb"},"inLanguage":"en-GB","potentialAction":[{"@type":"ReadAction","target":["https:\/\/oryxexpertise.com\/full-width\/"]}]},{"@type":"BreadcrumbList","@id":"https:\/\/oryxexpertise.com\/full-width\/#breadcrumb","itemListElement":[{"@type":"ListItem","position":1,"name":"Accueil","item":"https:\/\/oryxexpertise.com\/"},{"@type":"ListItem","position":2,"name":"Full Width"}]},{"@type":"WebSite","@id":"https:\/\/oryxexpertise.com\/#website","url":"https:\/\/oryxexpertise.com\/","name":"Oryx expertise group","description":"Pour la conservation inclusive de la biodiversit\u00e9 et des \u00e9cosyst\u00e8mes ORYX accompagne vos projets","publisher":{"@id":"https:\/\/oryxexpertise.com\/#organization"},"potentialAction":[{"@type":"SearchAction","target":{"@type":"EntryPoint","urlTemplate":"https:\/\/oryxexpertise.com\/?s={search_term_string}"},"query-input":{"@type":"PropertyValueSpecification","valueRequired":true,"valueName":"search_term_string"}}],"inLanguage":"en-GB"},{"@type":"Organization","@id":"https:\/\/oryxexpertise.com\/#organization","name":"Oryx expertise group","url":"https:\/\/oryxexpertise.com\/","logo":{"@type":"ImageObject","inLanguage":"en-GB","@id":"https:\/\/oryxexpertise.com\/#\/schema\/logo\/image\/","url":"https:\/\/oryxexpertise.com\/wp-content\/uploads\/2022\/01\/LOGO-ORYX-EXPERTISE-e1674722111770.png","contentUrl":"https:\/\/oryxexpertise.com\/wp-content\/uploads\/2022\/01\/LOGO-ORYX-EXPERTISE-e1674722111770.png","width":300,"height":150,"caption":"Oryx Expertise"},"image":{"@id":"https:\/\/oryxexpertise.com\/#\/schema\/logo\/image\/"},"sameAs":["https:\/\/www.linkedin.com\/company\/oryx-expertise-groupe\/"]}]}},"_links":{"self":[{"href":"https:\/\/oryxexpertise.com\/en\/wp-json\/wp\/v2\/pages\/1652","targetHints":{"allow":["GET"]}}],"collection":[{"href":"https:\/\/oryxexpertise.com\/en\/wp-json\/wp\/v2\/pages"}],"about":[{"href":"https:\/\/oryxexpertise.com\/en\/wp-json\/wp\/v2\/types\/page"}],"author":[{"embeddable":true,"href":"https:\/\/oryxexpertise.com\/en\/wp-json\/wp\/v2\/users\/1"}],"replies":[{"embeddable":true,"href":"https:\/\/oryxexpertise.com\/en\/wp-json\/wp\/v2\/comments?post=1652"}],"version-history":[{"count":0,"href":"https:\/\/oryxexpertise.com\/en\/wp-json\/wp\/v2\/pages\/1652\/revisions"}],"wp:attachment":[{"href":"https:\/\/oryxexpertise.com\/en\/wp-json\/wp\/v2\/media?parent=1652"}],"curies":[{"name":"wp","href":"https:\/\/api.w.org\/{rel}","templated":true}]}}