{"id":179,"date":"2022-01-08T01:16:16","date_gmt":"2022-01-08T00:16:16","guid":{"rendered":"http:\/\/sw-themes.com\/porto_dummy\/?page_id=179"},"modified":"2026-02-10T13:08:38","modified_gmt":"2026-02-10T12:08:38","slug":"contactez-nous","status":"publish","type":"page","link":"https:\/\/oryxexpertise.com\/en\/contactez-nous\/","title":{"rendered":"CONTACT US"},"content":{"rendered":"<div class=\"wpb-content-wrapper\"><div class=\"vc_row wpb_row top-row py-5 vc_custom_1591607686137 vc_row-has-fill porto-inner-container\"><div class=\"porto-wrap-container container\"><div class=\"row\"><div class=\"vc_column_container col-md-12\"><div class=\"wpb_wrapper vc_column-inner\"><div class=\"vc_row wpb_row vc_inner row no-padding mx-0 py-5 mb-3 background-color-light custom-icon-boxes justify-content-center box-shadow-1\" data-appear-animation=\"fadeInUp\" data-appear-animation-delay=\"100\"><div class=\"my-4 vc_column_container col-md-4 col-lg-4\"><div class=\"wpb_wrapper vc_column-inner\"><h3 style=\"font-size: 1.5rem;line-height: 1.2;text-align: center;font-weight:600\" class=\"vc_custom_heading vc_do_custom_heading mb-4 px-5 wpb_custom_aa365bd5046e8294520b4e73732b9d15 heading-primary\" >French Office<\/h3>\r\n\t<div class=\"wpb_text_column wpb_content_element mb-0 text-center px-5 wpb_custom_7c91d232724f73626cc933bd95b25ff0\" >\r\n\t\t<div class=\"wpb_wrapper\">\r\n\t\t\t<p class=\"text-color-secondary font-size-xl font-weight-bold mb-0\">Number<\/p>\n<p class=\"d-block m-0\"><a href=\"tel:0785083463\">+ 33 07 85 08 34 63<\/a><\/p>\n<p class=\"text-color-secondary font-size-xl pt-4 font-weight-bold mb-0\">Adress:<\/p>\n<p class=\"d-block m-0\">28 Rue de la Ville Ev\u00eaque<br \/>\nPordic &#8211; France (22 590)<\/p>\n<p class=\"text-color-secondary font-size-xl pt-4 font-weight-bold mb-0\">Email:<\/p>\n<p><a class=\"text-default\" href=\"mailto:contact@oryxexpertise.com\">contact@oryxexpertise.com<\/a><\/p>\n\r\n\t\t<\/div>\r\n\t<\/div>\r\n<\/div><\/div><div class=\"my-4 vc_column_container col-md-4 col-lg-4\"><div class=\"wpb_wrapper vc_column-inner\"><h3 style=\"font-size: 1.5rem;line-height: 1.2;text-align: center;font-weight:600\" class=\"vc_custom_heading vc_do_custom_heading mb-4 px-5 wpb_custom_aa365bd5046e8294520b4e73732b9d15 heading-primary\" >Senegal Office<\/h3>\r\n\t<div class=\"wpb_text_column wpb_content_element mb-0 px-5 text-center wpb_custom_7c91d232724f73626cc933bd95b25ff0\" >\r\n\t\t<div class=\"wpb_wrapper\">\r\n\t\t\t<p class=\"text-color-secondary font-size-xl font-weight-bold mb-0\">Number<\/p>\n<p><a href=\"tel:+221775885156\">+ 221 77 588 51 56<\/a><\/p>\n<p class=\"text-color-secondary font-size-xl font-weight-bold mb-0\">Adress:<\/p>\n<p class=\"mb-0\">Rue Woro Fila 47 RDC Sicap Fann Hock &#8211; Dakar &#8211; Senegal<\/p>\n<p class=\"text-color-secondary font-size-xl font-weight-bold pt-4 mb-0\">Email:<\/p>\n<p class=\"mb-0\"><a class=\"text-default\" href=\"mailto:contact@oryxexpertise.com\">contact@oryxexpertise.com<\/a><\/p>\n\r\n\t\t<\/div>\r\n\t<\/div>\r\n<\/div><\/div><div class=\"my-4 vc_column_container col-md-4\"><div class=\"wpb_wrapper vc_column-inner\"><h3 style=\"font-size: 1.5rem;line-height: 1.2;text-align: center;font-weight:600\" class=\"vc_custom_heading vc_do_custom_heading mb-4 px-5 wpb_custom_aa365bd5046e8294520b4e73732b9d15 heading-primary\" >Bureau Guin\u00e9e<\/h3>\r\n\t<div class=\"wpb_text_column wpb_content_element mb-0 px-5 text-center wpb_custom_7c91d232724f73626cc933bd95b25ff0\" >\r\n\t\t<div class=\"wpb_wrapper\">\r\n\t\t\t<p class=\"text-color-secondary font-size-xl font-weight-bold mb-0\">Number<\/p>\n<p><a href=\"tel:+ 224 628 06 25 12\">+ 224 628 06 25 12\u00a0<\/a><\/p>\n<p class=\"text-color-secondary font-size-xl font-weight-bold mb-0\">Adress:<\/p>\n<p class=\"mb-0\">R\u00e9sidence Moussoudougou Coleah &#8211; Conakry &#8211; R\u00e9publique de Guin\u00e9e<\/p>\n<p class=\"text-color-secondary font-size-xl font-weight-bold pt-4 mb-0\">Email:<\/p>\n<p class=\"mb-0\"><a class=\"text-default\" href=\"mailto:contact@oryxexpertise.com\">contact@oryxexpertise.com<\/a><\/p>\n\r\n\t\t<\/div>\r\n\t<\/div>\r\n<\/div><\/div><\/div><\/div><\/div><\/div><\/div><\/div><div class=\"vc_row wpb_row top-row py-5 vc_custom_1591607686137 vc_row-has-fill porto-inner-container\"><div class=\"porto-wrap-container container\"><div class=\"row\"><div class=\"vc_column_container col-md-12\"><div class=\"wpb_wrapper vc_column-inner\"><div class=\"vc_row wpb_row vc_inner row no-padding mx-0 py-5 mb-3 background-color-light custom-icon-boxes justify-content-center box-shadow-1\" data-appear-animation=\"fadeInUp\" data-appear-animation-delay=\"100\"><div class=\"my-4 vc_column_container col-md-6 col-lg-4\"><div class=\"wpb_wrapper vc_column-inner\"><h3 style=\"font-size: 1.5rem;line-height: 1.2;text-align: center;font-weight:600\" class=\"vc_custom_heading vc_do_custom_heading mb-4 pb-3 px-5 wpb_custom_aa365bd5046e8294520b4e73732b9d15 heading-primary\" >Social networks<\/h3><a href = \"https:\/\/www.linkedin.com\/company\/oryx-expertise-groupe\" target='_blank'  ><div class=\"porto-just-icon-wrapper porto-icon advanced porto-icon-pos-center mb-2 font-weight-semibold\" style=\"color:#183f72;background:#dde2ea;width:36px;height:36px;line-height:36px;border-radius:18px;font-size:15px;\"><i class=\"fab fa-linkedin-in\"><\/i><\/div><\/a><\/div><\/div><\/div><\/div><\/div><\/div><\/div><\/div><div class=\"vc_row wpb_row top-row py-5 porto-inner-container\"><div class=\"porto-wrap-container container\"><div class=\"row\"><div class=\"vc_column_container col-md-12\"><div class=\"wpb_wrapper vc_column-inner\"><div class=\"vc_custom_heading vc_do_custom_heading mb-1 wpb_custom_aa365bd5046e8294520b4e73732b9d15 align-left heading heading-border heading-primary heading-middle-border heading-middle-border-reverse heading-border-lg\" ><h5 style=\"line-height: 1.6;font-weight:600;letter-spacing:0\" data-appear-animation=\"fadeInLeft\" data-appear-animation-delay=\"100\" class=\"heading-tag heading-primary text-uppercase\">Contact us<\/h5><\/div><h2 style=\"font-size: 2.2em;line-height: 1.4\" data-appear-animation=\"fadeInLeft\" data-appear-animation-delay=\"300\" class=\"vc_custom_heading vc_do_custom_heading mb-2 wpb_custom_aa365bd5046e8294520b4e73732b9d15 align-left\" >Send us a message<\/h2><p  data-appear-animation=\"fadeInLeft\" data-appear-animation-delay=\"400\" class=\"vc_custom_heading vc_do_custom_heading mb-4 wpb_custom_aa365bd5046e8294520b4e73732b9d15 align-left\" >Quick answer<\/p><div class=\"porto-animation\"  data-appear-animation=\"fadeIn\" data-appear-animation-delay=\"600\">\n<div class=\"wpcf7 no-js\" id=\"wpcf7-f399-o1\" lang=\"en-US\" dir=\"ltr\" data-wpcf7-id=\"399\">\n<div class=\"screen-reader-response\"><p role=\"status\" aria-live=\"polite\" aria-atomic=\"true\"><\/p> <ul><\/ul><\/div>\n<form action=\"\/en\/wp-json\/wp\/v2\/pages\/179#wpcf7-f399-o1\" method=\"post\" class=\"wpcf7-form init\" aria-label=\"Contact form\" novalidate=\"novalidate\" data-status=\"init\" data-trp-original-action=\"\/en\/wp-json\/wp\/v2\/pages\/179#wpcf7-f399-o1\">\n<fieldset class=\"hidden-fields-container\"><input type=\"hidden\" name=\"_wpcf7\" value=\"399\" \/><input type=\"hidden\" name=\"_wpcf7_version\" value=\"6.1.5\" \/><input type=\"hidden\" name=\"_wpcf7_locale\" value=\"en_US\" \/><input type=\"hidden\" name=\"_wpcf7_unit_tag\" value=\"wpcf7-f399-o1\" \/><input type=\"hidden\" name=\"_wpcf7_container_post\" value=\"0\" \/><input type=\"hidden\" name=\"_wpcf7_posted_data_hash\" value=\"\" \/>\n<\/fieldset>\n<div class=\"form-row row\">\n<div class=\"form-group col-lg-6\">\n    <span class=\"wpcf7-form-control-wrap\" data-name=\"your-name\"><input size=\"40\" maxlength=\"400\" class=\"wpcf7-form-control wpcf7-text wpcf7-validates-as-required form-control\" id=\"contact-name\" aria-required=\"true\" aria-invalid=\"false\" placeholder=\"Your name\" value=\"\" type=\"text\" name=\"your-name\" \/><\/span>\n<\/div>\n\n<div class=\"form-group col-lg-6\">\n    <span class=\"wpcf7-form-control-wrap\" data-name=\"your-email\"><input size=\"40\" maxlength=\"400\" class=\"wpcf7-form-control wpcf7-email wpcf7-validates-as-required wpcf7-text wpcf7-validates-as-email form-control\" id=\"contact-email\" aria-required=\"true\" aria-invalid=\"false\" placeholder=\"Your e-mail\" value=\"\" type=\"email\" name=\"your-email\" \/><\/span>\n<\/div>\n<\/div>\n\n<div class=\"form-group\">\n    <span class=\"wpcf7-form-control-wrap\" data-name=\"your-subject\"><input size=\"40\" maxlength=\"400\" class=\"wpcf7-form-control wpcf7-text form-control\" id=\"contact-subject\" aria-invalid=\"false\" placeholder=\"Subject\" value=\"\" type=\"text\" name=\"your-subject\" \/><\/span>\n<\/div>\n\n<div class=\"form-group\">\n    <span class=\"wpcf7-form-control-wrap\" data-name=\"your-message\"><textarea cols=\"40\" rows=\"10\" maxlength=\"2000\" class=\"wpcf7-form-control wpcf7-textarea form-control\" id=\"contact-message\" aria-invalid=\"false\" placeholder=\"Message\" name=\"your-message\"><\/textarea><\/span>\n<\/div>\n\n<div class=\"form-group\">\n    <input class=\"wpcf7-form-control wpcf7-submit has-spinner btn btn-modern btn-lg btn-primary\" type=\"submit\" value=\"Send message\" \/>\n<\/div><div class=\"wpcf7-response-output\" aria-hidden=\"true\"><\/div>\n<input type=\"hidden\" name=\"trp-form-language\" value=\"en\"\/><\/form>\n<\/div>\n<\/div><\/div><\/div><\/div><\/div><\/div>\n<\/div>","protected":false},"excerpt":{"rendered":"Bureau Fran\u00e7ais Num\u00e9ro + 33 07 85 08 34 63 Adresse 28 Rue de la Ville Ev\u00eaque Pordic - France (22 590) Email: contact@oryxexpertise.com Bureau S\u00e9n\u00e9gal Num\u00e9ro + 221 77 588 51 56 Adresse: Rue Woro Fila 47 RDC Sicap Fann Hock - Dakar - Senegal E-mail: contact@oryxexpertise.com Bureau Guin\u00e9e Num\u00e9ro + 224 628 06 [...]","protected":false},"author":1,"featured_media":0,"parent":0,"menu_order":0,"comment_status":"closed","ping_status":"closed","template":"","meta":{"footnotes":""},"class_list":["post-179","page","type-page","status-publish","hentry"],"yoast_head":"<!-- This site is optimized with the Yoast SEO plugin v23.5 - https:\/\/yoast.com\/wordpress\/plugins\/seo\/ -->\n<title>Contactez-nous - Oryx Expertise<\/title>\n<meta name=\"robots\" content=\"index, follow, max-snippet:-1, max-image-preview:large, max-video-preview:-1\" \/>\n<link rel=\"canonical\" href=\"https:\/\/oryxexpertise.com\/en\/contactez-nous\/\" \/>\n<meta property=\"og:locale\" content=\"en_GB\" \/>\n<meta property=\"og:type\" content=\"article\" \/>\n<meta property=\"og:title\" content=\"Contactez-nous - Oryx Expertise\" \/>\n<meta property=\"og:url\" content=\"https:\/\/oryxexpertise.com\/en\/contactez-nous\/\" \/>\n<meta property=\"og:site_name\" content=\"Oryx Expertise\" \/>\n<meta property=\"article:modified_time\" content=\"2026-02-10T12:08:38+00:00\" \/>\n<meta name=\"twitter:card\" content=\"summary_large_image\" \/>\n<meta name=\"twitter:label1\" content=\"Estimated reading time\" \/>\n\t<meta name=\"twitter:data1\" content=\"2 minutes\" \/>\n<script type=\"application\/ld+json\" class=\"yoast-schema-graph\">{\"@context\":\"https:\/\/schema.org\",\"@graph\":[{\"@type\":\"WebPage\",\"@id\":\"https:\/\/oryxexpertise.com\/contactez-nous\/\",\"url\":\"https:\/\/oryxexpertise.com\/contactez-nous\/\",\"name\":\"Contactez-nous - Oryx Expertise\",\"isPartOf\":{\"@id\":\"https:\/\/oryxexpertise.com\/#website\"},\"datePublished\":\"2022-01-08T00:16:16+00:00\",\"dateModified\":\"2026-02-10T12:08:38+00:00\",\"breadcrumb\":{\"@id\":\"https:\/\/oryxexpertise.com\/contactez-nous\/#breadcrumb\"},\"inLanguage\":\"en-GB\",\"potentialAction\":[{\"@type\":\"ReadAction\",\"target\":[\"https:\/\/oryxexpertise.com\/contactez-nous\/\"]}]},{\"@type\":\"BreadcrumbList\",\"@id\":\"https:\/\/oryxexpertise.com\/contactez-nous\/#breadcrumb\",\"itemListElement\":[{\"@type\":\"ListItem\",\"position\":1,\"name\":\"Accueil\",\"item\":\"https:\/\/oryxexpertise.com\/\"},{\"@type\":\"ListItem\",\"position\":2,\"name\":\"Contactez-nous\"}]},{\"@type\":\"WebSite\",\"@id\":\"https:\/\/oryxexpertise.com\/#website\",\"url\":\"https:\/\/oryxexpertise.com\/\",\"name\":\"Oryx Expertise\",\"description\":\"Pour la conservation inclusive de la biodiversit\u00e9 et des \u00e9cosyst\u00e8mes ORYX accompagne vos projets\",\"publisher\":{\"@id\":\"https:\/\/oryxexpertise.com\/#organization\"},\"potentialAction\":[{\"@type\":\"SearchAction\",\"target\":{\"@type\":\"EntryPoint\",\"urlTemplate\":\"https:\/\/oryxexpertise.com\/?s={search_term_string}\"},\"query-input\":{\"@type\":\"PropertyValueSpecification\",\"valueRequired\":true,\"valueName\":\"search_term_string\"}}],\"inLanguage\":\"en-GB\"},{\"@type\":\"Organization\",\"@id\":\"https:\/\/oryxexpertise.com\/#organization\",\"name\":\"Oryx Expertise\",\"url\":\"https:\/\/oryxexpertise.com\/\",\"logo\":{\"@type\":\"ImageObject\",\"inLanguage\":\"en-GB\",\"@id\":\"https:\/\/oryxexpertise.com\/#\/schema\/logo\/image\/\",\"url\":\"https:\/\/oryxexpertise.com\/wp-content\/uploads\/2022\/01\/LOGO-ORYX-EXPERTISE-e1674722111770.png\",\"contentUrl\":\"https:\/\/oryxexpertise.com\/wp-content\/uploads\/2022\/01\/LOGO-ORYX-EXPERTISE-e1674722111770.png\",\"width\":300,\"height\":150,\"caption\":\"Oryx Expertise\"},\"image\":{\"@id\":\"https:\/\/oryxexpertise.com\/#\/schema\/logo\/image\/\"},\"sameAs\":[\"https:\/\/www.linkedin.com\/company\/oryx-expertise-groupe\/\"]}]}<\/script>\n<!-- \/ Yoast SEO plugin. -->","yoast_head_json":{"title":"Contactez-nous - Oryx Expertise","robots":{"index":"index","follow":"follow","max-snippet":"max-snippet:-1","max-image-preview":"max-image-preview:large","max-video-preview":"max-video-preview:-1"},"canonical":"https:\/\/oryxexpertise.com\/en\/contactez-nous\/","og_locale":"en_GB","og_type":"article","og_title":"Contactez-nous - Oryx Expertise","og_url":"https:\/\/oryxexpertise.com\/en\/contactez-nous\/","og_site_name":"Oryx Expertise","article_modified_time":"2026-02-10T12:08:38+00:00","twitter_card":"summary_large_image","twitter_misc":{"Estimated reading time":"2 minutes"},"schema":{"@context":"https:\/\/schema.org","@graph":[{"@type":"WebPage","@id":"https:\/\/oryxexpertise.com\/contactez-nous\/","url":"https:\/\/oryxexpertise.com\/contactez-nous\/","name":"Contactez-nous - Oryx Expertise","isPartOf":{"@id":"https:\/\/oryxexpertise.com\/#website"},"datePublished":"2022-01-08T00:16:16+00:00","dateModified":"2026-02-10T12:08:38+00:00","breadcrumb":{"@id":"https:\/\/oryxexpertise.com\/contactez-nous\/#breadcrumb"},"inLanguage":"en-GB","potentialAction":[{"@type":"ReadAction","target":["https:\/\/oryxexpertise.com\/contactez-nous\/"]}]},{"@type":"BreadcrumbList","@id":"https:\/\/oryxexpertise.com\/contactez-nous\/#breadcrumb","itemListElement":[{"@type":"ListItem","position":1,"name":"Accueil","item":"https:\/\/oryxexpertise.com\/"},{"@type":"ListItem","position":2,"name":"Contactez-nous"}]},{"@type":"WebSite","@id":"https:\/\/oryxexpertise.com\/#website","url":"https:\/\/oryxexpertise.com\/","name":"Oryx expertise group","description":"Pour la conservation inclusive de la biodiversit\u00e9 et des \u00e9cosyst\u00e8mes ORYX accompagne vos projets","publisher":{"@id":"https:\/\/oryxexpertise.com\/#organization"},"potentialAction":[{"@type":"SearchAction","target":{"@type":"EntryPoint","urlTemplate":"https:\/\/oryxexpertise.com\/?s={search_term_string}"},"query-input":{"@type":"PropertyValueSpecification","valueRequired":true,"valueName":"search_term_string"}}],"inLanguage":"en-GB"},{"@type":"Organization","@id":"https:\/\/oryxexpertise.com\/#organization","name":"Oryx expertise group","url":"https:\/\/oryxexpertise.com\/","logo":{"@type":"ImageObject","inLanguage":"en-GB","@id":"https:\/\/oryxexpertise.com\/#\/schema\/logo\/image\/","url":"https:\/\/oryxexpertise.com\/wp-content\/uploads\/2022\/01\/LOGO-ORYX-EXPERTISE-e1674722111770.png","contentUrl":"https:\/\/oryxexpertise.com\/wp-content\/uploads\/2022\/01\/LOGO-ORYX-EXPERTISE-e1674722111770.png","width":300,"height":150,"caption":"Oryx Expertise"},"image":{"@id":"https:\/\/oryxexpertise.com\/#\/schema\/logo\/image\/"},"sameAs":["https:\/\/www.linkedin.com\/company\/oryx-expertise-groupe\/"]}]}},"_links":{"self":[{"href":"https:\/\/oryxexpertise.com\/en\/wp-json\/wp\/v2\/pages\/179","targetHints":{"allow":["GET"]}}],"collection":[{"href":"https:\/\/oryxexpertise.com\/en\/wp-json\/wp\/v2\/pages"}],"about":[{"href":"https:\/\/oryxexpertise.com\/en\/wp-json\/wp\/v2\/types\/page"}],"author":[{"embeddable":true,"href":"https:\/\/oryxexpertise.com\/en\/wp-json\/wp\/v2\/users\/1"}],"replies":[{"embeddable":true,"href":"https:\/\/oryxexpertise.com\/en\/wp-json\/wp\/v2\/comments?post=179"}],"version-history":[{"count":3,"href":"https:\/\/oryxexpertise.com\/en\/wp-json\/wp\/v2\/pages\/179\/revisions"}],"predecessor-version":[{"id":3950,"href":"https:\/\/oryxexpertise.com\/en\/wp-json\/wp\/v2\/pages\/179\/revisions\/3950"}],"wp:attachment":[{"href":"https:\/\/oryxexpertise.com\/en\/wp-json\/wp\/v2\/media?parent=179"}],"curies":[{"name":"wp","href":"https:\/\/api.w.org\/{rel}","templated":true}]}}