{"id":2792,"date":"2022-02-22T11:13:28","date_gmt":"2022-02-22T10:13:28","guid":{"rendered":"https:\/\/oryxexpertise.com\/?page_id=2792"},"modified":"2023-01-18T14:02:18","modified_gmt":"2023-01-18T13:02:18","slug":"details-de-nos-realisations-gestion-durable-de-lenvironnement","status":"publish","type":"page","link":"https:\/\/oryxexpertise.com\/en\/details-de-nos-realisations-gestion-durable-de-lenvironnement\/","title":{"rendered":"Details of our achievements"},"content":{"rendered":"<div class=\"wpb-content-wrapper\"><div class=\"vc_row wpb_row row top-row\"><div class=\"vc_column_container col-md-12\"><div class=\"wpb_wrapper vc_column-inner\">\r\n\t<div class=\"wpb_text_column wpb_content_element wpb_custom_7c91d232724f73626cc933bd95b25ff0\" >\r\n\t\t<div class=\"wpb_wrapper\">\r\n\t\t\t<p>Realization of transect\/recreation campaigns and photographic traps within the framework of inventories and monitoring of biodiversity, biostatistical processing of the collected data in order to obtain results of high scientific quality allowing clients to take stock of the conservation issues to be taken into account.<\/p>\n<p>Realization of a genetic monitoring mission of West African chimpanzee communities: collection of faeces, conservation protocol, laboratory analysis to identify individuals, and analysis of the spatial occupation of the \nterritory, of the groups, of the genetic links between groups, in order to define adapted monitoring and compensation programs.<\/p>\n<p>Production of Biodiversity Management Plans including Critical Habitat Analyses (CHA).<\/p>\n<p>Design or Review for upgrading to IFC international standards of the physical and biological environment \ncomponents of the ESIAs (Review of the initial states, impacts, mitigation measures, and monitoring \nprocedures included in the ESMP) of several large industrial infrastructure programs (mining, hydraulic, \nenergy, agroindustrial). The studies include the elaboration of the detailed TOR, the realization of the \ndetailed ESIA of the sites, including the ESMP and the occupational health and safety plan, the realization of the Stakeholder Engagement Plan, including the various detailed reports of the public consultations and the complaints management mechanism and the realization of the CSR action plan, as well as the drafting of the community development plan and the EBA.<\/p>\n<p>Design and launch of Action Plans for the management of Biodiversity, focused on the conservation of classified species that induce the notion of critical habitats with regard to the SFI performance standards. These action plans integrate all the intervention axes and conditions for the good conservation of species and their habitats, with the notion of information\/awareness; protection\/management\/control\/economic development and community inclusion; revision of local governance and stakeholder involvement. A component is developed to maintain the notion\nof ecological   continuity of critical reforestation environments.<\/p>\n<p><!-- \/wp:post-content -->\u00a0<\/p>\n<p><!-- wp:image {\"align\":\"left\",\"id\":3202,\"width\":760,\"sizeSlug\":\"full\",\"linkDestination\":\"none\"} --><\/p>\n<div class=\"wp-block-image\">\n<figure class=\"alignleft size-full is-resized\"><img decoding=\"async\" class=\"wp-image-3202\" src=\"https:\/\/oryxexpertise.com\/wp-content\/uploads\/2022\/04\/P1.jpg\" alt=\"\" width=\"760\" srcset=\"https:\/\/oryxexpertise.com\/wp-content\/uploads\/2022\/04\/P1.jpg 903w, https:\/\/oryxexpertise.com\/wp-content\/uploads\/2022\/04\/P1-768x395.jpg 768w, https:\/\/oryxexpertise.com\/wp-content\/uploads\/2022\/04\/P1-640x330.jpg 640w, https:\/\/oryxexpertise.com\/wp-content\/uploads\/2022\/04\/P1-400x206.jpg 400w, https:\/\/oryxexpertise.com\/wp-content\/uploads\/2022\/04\/P1-450x231.jpg 450w, https:\/\/oryxexpertise.com\/wp-content\/uploads\/2022\/04\/P1-367x189.jpg 367w\" sizes=\"(max-width: 903px) 100vw, 903px\" \/><\/figure>\n<\/div>\n<p><!-- \/wp:image -->\u00a0<\/p>\n<p><!-- wp:paragraph \/-->\u00a0<\/p>\n\r\n\t\t<\/div>\r\n\t<\/div>\r\n<\/div><\/div><\/div><\/div>","protected":false},"excerpt":{"rendered":"R\u00e9alisation de campagnes de transect\/recces et pi\u00e8ges photographiques dans le cadre des inventaires et du suivi de la biodiversit\u00e9, traitement biostatistique des donn\u00e9es collect\u00e9es afin d\u2019obtenir des r\u00e9sultats de haute qualit\u00e9 scientifique permettant aux clients de faire le point sur les enjeux de conservation \u00e0 prendre en compte. R\u00e9alisation d\u2019une mission de suivi g\u00e9n\u00e9tique des [...]","protected":false},"author":1,"featured_media":0,"parent":0,"menu_order":0,"comment_status":"closed","ping_status":"closed","template":"","meta":{"footnotes":""},"class_list":["post-2792","page","type-page","status-publish","hentry"],"yoast_head":"<!-- This site is optimized with the Yoast SEO plugin v23.5 - https:\/\/yoast.com\/wordpress\/plugins\/seo\/ -->\n<title>D\u00e9tails de nos r\u00e9alisations - Oryx Expertise<\/title>\n<meta name=\"robots\" content=\"index, follow, max-snippet:-1, max-image-preview:large, max-video-preview:-1\" \/>\n<link rel=\"canonical\" href=\"https:\/\/oryxexpertise.com\/en\/details-de-nos-realisations-gestion-durable-de-lenvironnement\/\" \/>\n<meta property=\"og:locale\" content=\"en_GB\" \/>\n<meta property=\"og:type\" content=\"article\" \/>\n<meta property=\"og:title\" content=\"D\u00e9tails de nos r\u00e9alisations - Oryx Expertise\" \/>\n<meta property=\"og:url\" content=\"https:\/\/oryxexpertise.com\/en\/details-de-nos-realisations-gestion-durable-de-lenvironnement\/\" \/>\n<meta property=\"og:site_name\" content=\"Oryx Expertise\" \/>\n<meta property=\"article:modified_time\" content=\"2023-01-18T13:02:18+00:00\" \/>\n<meta property=\"og:image\" content=\"https:\/\/oryxexpertise.com\/wp-content\/uploads\/2022\/04\/P1.jpg\" \/>\n<meta name=\"twitter:card\" content=\"summary_large_image\" \/>\n<meta name=\"twitter:label1\" content=\"Estimated reading time\" \/>\n\t<meta name=\"twitter:data1\" content=\"2 minutes\" \/>\n<script type=\"application\/ld+json\" class=\"yoast-schema-graph\">{\"@context\":\"https:\/\/schema.org\",\"@graph\":[{\"@type\":\"WebPage\",\"@id\":\"https:\/\/oryxexpertise.com\/details-de-nos-realisations-gestion-durable-de-lenvironnement\/\",\"url\":\"https:\/\/oryxexpertise.com\/details-de-nos-realisations-gestion-durable-de-lenvironnement\/\",\"name\":\"D\u00e9tails de nos r\u00e9alisations - Oryx Expertise\",\"isPartOf\":{\"@id\":\"https:\/\/oryxexpertise.com\/#website\"},\"primaryImageOfPage\":{\"@id\":\"https:\/\/oryxexpertise.com\/details-de-nos-realisations-gestion-durable-de-lenvironnement\/#primaryimage\"},\"image\":{\"@id\":\"https:\/\/oryxexpertise.com\/details-de-nos-realisations-gestion-durable-de-lenvironnement\/#primaryimage\"},\"thumbnailUrl\":\"https:\/\/oryxexpertise.com\/wp-content\/uploads\/2022\/04\/P1.jpg\",\"datePublished\":\"2022-02-22T10:13:28+00:00\",\"dateModified\":\"2023-01-18T13:02:18+00:00\",\"breadcrumb\":{\"@id\":\"https:\/\/oryxexpertise.com\/details-de-nos-realisations-gestion-durable-de-lenvironnement\/#breadcrumb\"},\"inLanguage\":\"en-GB\",\"potentialAction\":[{\"@type\":\"ReadAction\",\"target\":[\"https:\/\/oryxexpertise.com\/details-de-nos-realisations-gestion-durable-de-lenvironnement\/\"]}]},{\"@type\":\"ImageObject\",\"inLanguage\":\"en-GB\",\"@id\":\"https:\/\/oryxexpertise.com\/details-de-nos-realisations-gestion-durable-de-lenvironnement\/#primaryimage\",\"url\":\"https:\/\/oryxexpertise.com\/wp-content\/uploads\/2022\/04\/P1.jpg\",\"contentUrl\":\"https:\/\/oryxexpertise.com\/wp-content\/uploads\/2022\/04\/P1.jpg\"},{\"@type\":\"BreadcrumbList\",\"@id\":\"https:\/\/oryxexpertise.com\/details-de-nos-realisations-gestion-durable-de-lenvironnement\/#breadcrumb\",\"itemListElement\":[{\"@type\":\"ListItem\",\"position\":1,\"name\":\"Accueil\",\"item\":\"https:\/\/oryxexpertise.com\/\"},{\"@type\":\"ListItem\",\"position\":2,\"name\":\"D\u00e9tails de nos r\u00e9alisations\"}]},{\"@type\":\"WebSite\",\"@id\":\"https:\/\/oryxexpertise.com\/#website\",\"url\":\"https:\/\/oryxexpertise.com\/\",\"name\":\"Oryx Expertise\",\"description\":\"Pour la conservation inclusive de la biodiversit\u00e9 et des \u00e9cosyst\u00e8mes ORYX accompagne vos projets\",\"publisher\":{\"@id\":\"https:\/\/oryxexpertise.com\/#organization\"},\"potentialAction\":[{\"@type\":\"SearchAction\",\"target\":{\"@type\":\"EntryPoint\",\"urlTemplate\":\"https:\/\/oryxexpertise.com\/?s={search_term_string}\"},\"query-input\":{\"@type\":\"PropertyValueSpecification\",\"valueRequired\":true,\"valueName\":\"search_term_string\"}}],\"inLanguage\":\"en-GB\"},{\"@type\":\"Organization\",\"@id\":\"https:\/\/oryxexpertise.com\/#organization\",\"name\":\"Oryx Expertise\",\"url\":\"https:\/\/oryxexpertise.com\/\",\"logo\":{\"@type\":\"ImageObject\",\"inLanguage\":\"en-GB\",\"@id\":\"https:\/\/oryxexpertise.com\/#\/schema\/logo\/image\/\",\"url\":\"https:\/\/oryxexpertise.com\/wp-content\/uploads\/2022\/01\/LOGO-ORYX-EXPERTISE-e1674722111770.png\",\"contentUrl\":\"https:\/\/oryxexpertise.com\/wp-content\/uploads\/2022\/01\/LOGO-ORYX-EXPERTISE-e1674722111770.png\",\"width\":300,\"height\":150,\"caption\":\"Oryx Expertise\"},\"image\":{\"@id\":\"https:\/\/oryxexpertise.com\/#\/schema\/logo\/image\/\"},\"sameAs\":[\"https:\/\/www.linkedin.com\/company\/oryx-expertise-groupe\/\"]}]}<\/script>\n<!-- \/ Yoast SEO plugin. -->","yoast_head_json":{"title":"D\u00e9tails de nos r\u00e9alisations - Oryx Expertise","robots":{"index":"index","follow":"follow","max-snippet":"max-snippet:-1","max-image-preview":"max-image-preview:large","max-video-preview":"max-video-preview:-1"},"canonical":"https:\/\/oryxexpertise.com\/en\/details-de-nos-realisations-gestion-durable-de-lenvironnement\/","og_locale":"en_GB","og_type":"article","og_title":"D\u00e9tails de nos r\u00e9alisations - Oryx Expertise","og_url":"https:\/\/oryxexpertise.com\/en\/details-de-nos-realisations-gestion-durable-de-lenvironnement\/","og_site_name":"Oryx Expertise","article_modified_time":"2023-01-18T13:02:18+00:00","og_image":[{"url":"https:\/\/oryxexpertise.com\/wp-content\/uploads\/2022\/04\/P1.jpg"}],"twitter_card":"summary_large_image","twitter_misc":{"Estimated reading time":"2 minutes"},"schema":{"@context":"https:\/\/schema.org","@graph":[{"@type":"WebPage","@id":"https:\/\/oryxexpertise.com\/details-de-nos-realisations-gestion-durable-de-lenvironnement\/","url":"https:\/\/oryxexpertise.com\/details-de-nos-realisations-gestion-durable-de-lenvironnement\/","name":"D\u00e9tails de nos r\u00e9alisations - Oryx Expertise","isPartOf":{"@id":"https:\/\/oryxexpertise.com\/#website"},"primaryImageOfPage":{"@id":"https:\/\/oryxexpertise.com\/details-de-nos-realisations-gestion-durable-de-lenvironnement\/#primaryimage"},"image":{"@id":"https:\/\/oryxexpertise.com\/details-de-nos-realisations-gestion-durable-de-lenvironnement\/#primaryimage"},"thumbnailUrl":"https:\/\/oryxexpertise.com\/wp-content\/uploads\/2022\/04\/P1.jpg","datePublished":"2022-02-22T10:13:28+00:00","dateModified":"2023-01-18T13:02:18+00:00","breadcrumb":{"@id":"https:\/\/oryxexpertise.com\/details-de-nos-realisations-gestion-durable-de-lenvironnement\/#breadcrumb"},"inLanguage":"en-GB","potentialAction":[{"@type":"ReadAction","target":["https:\/\/oryxexpertise.com\/details-de-nos-realisations-gestion-durable-de-lenvironnement\/"]}]},{"@type":"ImageObject","inLanguage":"en-GB","@id":"https:\/\/oryxexpertise.com\/details-de-nos-realisations-gestion-durable-de-lenvironnement\/#primaryimage","url":"https:\/\/oryxexpertise.com\/wp-content\/uploads\/2022\/04\/P1.jpg","contentUrl":"https:\/\/oryxexpertise.com\/wp-content\/uploads\/2022\/04\/P1.jpg"},{"@type":"BreadcrumbList","@id":"https:\/\/oryxexpertise.com\/details-de-nos-realisations-gestion-durable-de-lenvironnement\/#breadcrumb","itemListElement":[{"@type":"ListItem","position":1,"name":"Accueil","item":"https:\/\/oryxexpertise.com\/"},{"@type":"ListItem","position":2,"name":"D\u00e9tails de nos r\u00e9alisations"}]},{"@type":"WebSite","@id":"https:\/\/oryxexpertise.com\/#website","url":"https:\/\/oryxexpertise.com\/","name":"Oryx expertise group","description":"Pour la conservation inclusive de la biodiversit\u00e9 et des \u00e9cosyst\u00e8mes ORYX accompagne vos projets","publisher":{"@id":"https:\/\/oryxexpertise.com\/#organization"},"potentialAction":[{"@type":"SearchAction","target":{"@type":"EntryPoint","urlTemplate":"https:\/\/oryxexpertise.com\/?s={search_term_string}"},"query-input":{"@type":"PropertyValueSpecification","valueRequired":true,"valueName":"search_term_string"}}],"inLanguage":"en-GB"},{"@type":"Organization","@id":"https:\/\/oryxexpertise.com\/#organization","name":"Oryx expertise group","url":"https:\/\/oryxexpertise.com\/","logo":{"@type":"ImageObject","inLanguage":"en-GB","@id":"https:\/\/oryxexpertise.com\/#\/schema\/logo\/image\/","url":"https:\/\/oryxexpertise.com\/wp-content\/uploads\/2022\/01\/LOGO-ORYX-EXPERTISE-e1674722111770.png","contentUrl":"https:\/\/oryxexpertise.com\/wp-content\/uploads\/2022\/01\/LOGO-ORYX-EXPERTISE-e1674722111770.png","width":300,"height":150,"caption":"Oryx Expertise"},"image":{"@id":"https:\/\/oryxexpertise.com\/#\/schema\/logo\/image\/"},"sameAs":["https:\/\/www.linkedin.com\/company\/oryx-expertise-groupe\/"]}]}},"_links":{"self":[{"href":"https:\/\/oryxexpertise.com\/en\/wp-json\/wp\/v2\/pages\/2792","targetHints":{"allow":["GET"]}}],"collection":[{"href":"https:\/\/oryxexpertise.com\/en\/wp-json\/wp\/v2\/pages"}],"about":[{"href":"https:\/\/oryxexpertise.com\/en\/wp-json\/wp\/v2\/types\/page"}],"author":[{"embeddable":true,"href":"https:\/\/oryxexpertise.com\/en\/wp-json\/wp\/v2\/users\/1"}],"replies":[{"embeddable":true,"href":"https:\/\/oryxexpertise.com\/en\/wp-json\/wp\/v2\/comments?post=2792"}],"version-history":[{"count":2,"href":"https:\/\/oryxexpertise.com\/en\/wp-json\/wp\/v2\/pages\/2792\/revisions"}],"predecessor-version":[{"id":3605,"href":"https:\/\/oryxexpertise.com\/en\/wp-json\/wp\/v2\/pages\/2792\/revisions\/3605"}],"wp:attachment":[{"href":"https:\/\/oryxexpertise.com\/en\/wp-json\/wp\/v2\/media?parent=2792"}],"curies":[{"name":"wp","href":"https:\/\/api.w.org\/{rel}","templated":true}]}}