{"id":2823,"date":"2022-02-23T15:00:49","date_gmt":"2022-02-23T14:00:49","guid":{"rendered":"https:\/\/oryxexpertise.com\/?page_id=2823"},"modified":"2022-04-11T11:12:32","modified_gmt":"2022-04-11T09:12:32","slug":"mentions-legales","status":"publish","type":"page","link":"https:\/\/oryxexpertise.com\/en\/mentions-legales\/","title":{"rendered":"Terms of use"},"content":{"rendered":"<p>Legal Status<\/p>\n\n\n\n<p>SAS with a capital of 1 500 euro<\/p>\n\n\n\n<p>Chairman and CEO: S\u00e9bastien OLICHON<\/p>\n\n\n\n<p>Register of Commerce and Companies :&nbsp;<\/p>\n\n\n\n<p>R.C.S. Saint BRIEUC 894 766 716<\/p>\n\n\n\n<p>Head office : 28 Rue de la Ville \u00c9v\u00eaque 22590 Pordic<\/p>\n\n\n\n<p>H\u00e9bergeur du site: WP Serveur \u2013 134 Avenue du pr\u00e9sident Wilson &#8211; 93100 Montreuil \u2013 France<\/p>\n\n\n\n<p>Design &amp; production: ORYX EXPERTISE<\/p>\n\n\n\n<p>Photo credits: ORYX EXPERTISE team and partners<\/p>\n\n\n\n<h2 class=\"wp-block-heading\"><strong>Legal terms and conditions<\/strong><\/h2>\n\n\n\n<h3 class=\"wp-block-heading\">Release of liability<\/h3>\n\n\n\n<p>This website is the property of ORYX Expertise France SAS, a simplified joint stock company with a capital of 1,500 euros registered in the Saint Brieuc Trade and Companies Register under number 894 766 716, whose head office is located at 28 Rue de la Ville \u00c9v\u00eaque 22590 Pordic<\/p>\n\n\n\n<p>The information published on this website should not be considered as a proposal to sell or buy. Consequently, the user acknowledges that he\/she uses this information under his\/her exclusive responsibility.<\/p>\n\n\n\n<p>Oryx Expertise is only bound by a simple obligation of means concerning the information it makes available to people who access its website\u00a0<a href=\"http:\/\/www.oryxexpertise.fr\">www.oryxexpertise.fr<\/a><\/p>\n\n\n\n<p>Even though we have taken every step to ensure the reliability of the information contained on this website, Oryx Expertise cannot be held responsible for any errors or omissions, or for the results that may be obtained from the use of this information. In particular, the use of hypertext links may lead your consultation of our site to other servers to access the information sought, servers over which Oryx Expertise has no control.<\/p>\n\n\n\n<p>Oryx Expertise website\u00a0<a href=\"http:\/\/www.oryxexpertise.fr\">www.oryxexpertise.fr<\/a> is normally accessible 24 hours a day and 7 days a week. In case of force majeure, computer difficulties, difficulties linked to the structure of the telecommunication networks or technical difficulties, for maintenance reasons, without this list being exhaustive, access to all or part of the site may be suspended or removed by simple decision of Oryx Expertise.<\/p>\n\n\n\n<p>For maintenance reasons, and\/or for any other decision by Oryx Expertise, access to the website may be interrupted.<\/p>\n\n\n\n<p>The website is subject to change and development without notice of any kind.<\/p>\n\n\n\n<h2 class=\"wp-block-heading\"><strong>Intellectual Property<\/strong><\/h2>\n\n\n\n<p>Oryx Expertise is the owner of the rights, titles and interests related to the name ORyx Expertise France SAS. Any use of this name is forbidden without prior authorization from Oryx Expertise. This site and its contents are protected, in the sense of the intellectual property code, in particular by copyright, designs and models and trademark rights.<\/p>\n\n\n\n<p>In application of the French Code of Intellectual Property and, more generally, of international treaties and agreements containing provisions relating to the protection of copyright, you are prohibited from reproducing for any use other than private, selling, distributing, issuing, broadcasting, adapting, modifying, publishing, communicating in whole or in part, in any form whatsoever, the data, the presentation or the organization of the site or the works protected by copyright which appear on the website\u00a0<a href=\"http:\/\/www.oryxexpertise.fr\">www.oryxexpertise.fr<\/a> without specific and prior written authorization of the holder of the copyright attached to the work, to the presentation or to the organization of the site or to the reproduced data.<\/p>\n\n\n\n<p>You will also refrain from entering data on the website\u00a0<a href=\"http:\/\/www.oryxexpertise.fr\">www.oryxexpertise.fr<\/a> which would modify or which would be likely to modify the contents or the appearance of the data, the presentation or the organization of the site or the works appearing on the website of Oryx Expertise and by some processes that it is.<\/p>\n\n\n\n<p>For any further information, please contact the webmaster.<\/p>","protected":false},"excerpt":{"rendered":"<p>Forme Juridique SAS au capital de 1 500 euro Pr\u00e9sident Directeur g\u00e9n\u00e9ral : S\u00e9bastien OLICHON Registre du Commerce et des Soci\u00e9t\u00e9s :&nbsp; R.C.S. Saint BRIEUC 894 766 716 Si\u00e8ge social :&nbsp;28 Rue de la Ville \u00c9v\u00eaque 22590 Pordic H\u00e9bergeur du site: WP Serveur \u2013 134 Avenue du pr\u00e9sident Wilson &#8211; 93100 Montreuil \u2013 France Conception [&hellip;]<\/p>\n","protected":false},"author":1,"featured_media":0,"parent":0,"menu_order":0,"comment_status":"closed","ping_status":"closed","template":"","meta":{"footnotes":""},"class_list":["post-2823","page","type-page","status-publish","hentry"],"yoast_head":"<!-- This site is optimized with the Yoast SEO plugin v23.5 - https:\/\/yoast.com\/wordpress\/plugins\/seo\/ -->\n<title>Mentions l\u00e9gales - Oryx Expertise<\/title>\n<meta name=\"robots\" content=\"index, follow, max-snippet:-1, max-image-preview:large, max-video-preview:-1\" \/>\n<link rel=\"canonical\" href=\"https:\/\/oryxexpertise.com\/en\/mentions-legales\/\" \/>\n<meta property=\"og:locale\" content=\"en_GB\" \/>\n<meta property=\"og:type\" content=\"article\" \/>\n<meta property=\"og:title\" content=\"Mentions l\u00e9gales - Oryx Expertise\" \/>\n<meta property=\"og:description\" content=\"Forme Juridique SAS au capital de 1 500 euro Pr\u00e9sident Directeur g\u00e9n\u00e9ral : S\u00e9bastien OLICHON Registre du Commerce et des Soci\u00e9t\u00e9s :&nbsp; R.C.S. Saint BRIEUC 894 766 716 Si\u00e8ge social :&nbsp;28 Rue de la Ville \u00c9v\u00eaque 22590 Pordic H\u00e9bergeur du site: WP Serveur \u2013 134 Avenue du pr\u00e9sident Wilson &#8211; 93100 Montreuil \u2013 France Conception [&hellip;]\" \/>\n<meta property=\"og:url\" content=\"https:\/\/oryxexpertise.com\/en\/mentions-legales\/\" \/>\n<meta property=\"og:site_name\" content=\"Oryx Expertise\" \/>\n<meta property=\"article:modified_time\" content=\"2022-04-11T09:12:32+00:00\" \/>\n<meta name=\"twitter:card\" content=\"summary_large_image\" \/>\n<meta name=\"twitter:label1\" content=\"Estimated reading time\" \/>\n\t<meta name=\"twitter:data1\" content=\"3 minutes\" \/>\n<script type=\"application\/ld+json\" class=\"yoast-schema-graph\">{\"@context\":\"https:\/\/schema.org\",\"@graph\":[{\"@type\":\"WebPage\",\"@id\":\"https:\/\/oryxexpertise.com\/mentions-legales\/\",\"url\":\"https:\/\/oryxexpertise.com\/mentions-legales\/\",\"name\":\"Mentions l\u00e9gales - Oryx Expertise\",\"isPartOf\":{\"@id\":\"https:\/\/oryxexpertise.com\/#website\"},\"datePublished\":\"2022-02-23T14:00:49+00:00\",\"dateModified\":\"2022-04-11T09:12:32+00:00\",\"breadcrumb\":{\"@id\":\"https:\/\/oryxexpertise.com\/mentions-legales\/#breadcrumb\"},\"inLanguage\":\"en-GB\",\"potentialAction\":[{\"@type\":\"ReadAction\",\"target\":[\"https:\/\/oryxexpertise.com\/mentions-legales\/\"]}]},{\"@type\":\"BreadcrumbList\",\"@id\":\"https:\/\/oryxexpertise.com\/mentions-legales\/#breadcrumb\",\"itemListElement\":[{\"@type\":\"ListItem\",\"position\":1,\"name\":\"Accueil\",\"item\":\"https:\/\/oryxexpertise.com\/\"},{\"@type\":\"ListItem\",\"position\":2,\"name\":\"Mentions l\u00e9gales\"}]},{\"@type\":\"WebSite\",\"@id\":\"https:\/\/oryxexpertise.com\/#website\",\"url\":\"https:\/\/oryxexpertise.com\/\",\"name\":\"Oryx Expertise\",\"description\":\"Pour la conservation inclusive de la biodiversit\u00e9 et des \u00e9cosyst\u00e8mes ORYX accompagne vos projets\",\"publisher\":{\"@id\":\"https:\/\/oryxexpertise.com\/#organization\"},\"potentialAction\":[{\"@type\":\"SearchAction\",\"target\":{\"@type\":\"EntryPoint\",\"urlTemplate\":\"https:\/\/oryxexpertise.com\/?s={search_term_string}\"},\"query-input\":{\"@type\":\"PropertyValueSpecification\",\"valueRequired\":true,\"valueName\":\"search_term_string\"}}],\"inLanguage\":\"en-GB\"},{\"@type\":\"Organization\",\"@id\":\"https:\/\/oryxexpertise.com\/#organization\",\"name\":\"Oryx Expertise\",\"url\":\"https:\/\/oryxexpertise.com\/\",\"logo\":{\"@type\":\"ImageObject\",\"inLanguage\":\"en-GB\",\"@id\":\"https:\/\/oryxexpertise.com\/#\/schema\/logo\/image\/\",\"url\":\"https:\/\/oryxexpertise.com\/wp-content\/uploads\/2022\/01\/LOGO-ORYX-EXPERTISE-e1674722111770.png\",\"contentUrl\":\"https:\/\/oryxexpertise.com\/wp-content\/uploads\/2022\/01\/LOGO-ORYX-EXPERTISE-e1674722111770.png\",\"width\":300,\"height\":150,\"caption\":\"Oryx Expertise\"},\"image\":{\"@id\":\"https:\/\/oryxexpertise.com\/#\/schema\/logo\/image\/\"},\"sameAs\":[\"https:\/\/www.linkedin.com\/company\/oryx-expertise-groupe\/\"]}]}<\/script>\n<!-- \/ Yoast SEO plugin. -->","yoast_head_json":{"title":"Mentions l\u00e9gales - Oryx Expertise","robots":{"index":"index","follow":"follow","max-snippet":"max-snippet:-1","max-image-preview":"max-image-preview:large","max-video-preview":"max-video-preview:-1"},"canonical":"https:\/\/oryxexpertise.com\/en\/mentions-legales\/","og_locale":"en_GB","og_type":"article","og_title":"Mentions l\u00e9gales - Oryx Expertise","og_description":"Forme Juridique SAS au capital de 1 500 euro Pr\u00e9sident Directeur g\u00e9n\u00e9ral : S\u00e9bastien OLICHON Registre du Commerce et des Soci\u00e9t\u00e9s :&nbsp; R.C.S. Saint BRIEUC 894 766 716 Si\u00e8ge social :&nbsp;28 Rue de la Ville \u00c9v\u00eaque 22590 Pordic H\u00e9bergeur du site: WP Serveur \u2013 134 Avenue du pr\u00e9sident Wilson &#8211; 93100 Montreuil \u2013 France Conception [&hellip;]","og_url":"https:\/\/oryxexpertise.com\/en\/mentions-legales\/","og_site_name":"Oryx Expertise","article_modified_time":"2022-04-11T09:12:32+00:00","twitter_card":"summary_large_image","twitter_misc":{"Estimated reading time":"3 minutes"},"schema":{"@context":"https:\/\/schema.org","@graph":[{"@type":"WebPage","@id":"https:\/\/oryxexpertise.com\/mentions-legales\/","url":"https:\/\/oryxexpertise.com\/mentions-legales\/","name":"Mentions l\u00e9gales - Oryx Expertise","isPartOf":{"@id":"https:\/\/oryxexpertise.com\/#website"},"datePublished":"2022-02-23T14:00:49+00:00","dateModified":"2022-04-11T09:12:32+00:00","breadcrumb":{"@id":"https:\/\/oryxexpertise.com\/mentions-legales\/#breadcrumb"},"inLanguage":"en-GB","potentialAction":[{"@type":"ReadAction","target":["https:\/\/oryxexpertise.com\/mentions-legales\/"]}]},{"@type":"BreadcrumbList","@id":"https:\/\/oryxexpertise.com\/mentions-legales\/#breadcrumb","itemListElement":[{"@type":"ListItem","position":1,"name":"Accueil","item":"https:\/\/oryxexpertise.com\/"},{"@type":"ListItem","position":2,"name":"Mentions l\u00e9gales"}]},{"@type":"WebSite","@id":"https:\/\/oryxexpertise.com\/#website","url":"https:\/\/oryxexpertise.com\/","name":"Oryx expertise group","description":"Pour la conservation inclusive de la biodiversit\u00e9 et des \u00e9cosyst\u00e8mes ORYX accompagne vos projets","publisher":{"@id":"https:\/\/oryxexpertise.com\/#organization"},"potentialAction":[{"@type":"SearchAction","target":{"@type":"EntryPoint","urlTemplate":"https:\/\/oryxexpertise.com\/?s={search_term_string}"},"query-input":{"@type":"PropertyValueSpecification","valueRequired":true,"valueName":"search_term_string"}}],"inLanguage":"en-GB"},{"@type":"Organization","@id":"https:\/\/oryxexpertise.com\/#organization","name":"Oryx expertise group","url":"https:\/\/oryxexpertise.com\/","logo":{"@type":"ImageObject","inLanguage":"en-GB","@id":"https:\/\/oryxexpertise.com\/#\/schema\/logo\/image\/","url":"https:\/\/oryxexpertise.com\/wp-content\/uploads\/2022\/01\/LOGO-ORYX-EXPERTISE-e1674722111770.png","contentUrl":"https:\/\/oryxexpertise.com\/wp-content\/uploads\/2022\/01\/LOGO-ORYX-EXPERTISE-e1674722111770.png","width":300,"height":150,"caption":"Oryx Expertise"},"image":{"@id":"https:\/\/oryxexpertise.com\/#\/schema\/logo\/image\/"},"sameAs":["https:\/\/www.linkedin.com\/company\/oryx-expertise-groupe\/"]}]}},"_links":{"self":[{"href":"https:\/\/oryxexpertise.com\/en\/wp-json\/wp\/v2\/pages\/2823","targetHints":{"allow":["GET"]}}],"collection":[{"href":"https:\/\/oryxexpertise.com\/en\/wp-json\/wp\/v2\/pages"}],"about":[{"href":"https:\/\/oryxexpertise.com\/en\/wp-json\/wp\/v2\/types\/page"}],"author":[{"embeddable":true,"href":"https:\/\/oryxexpertise.com\/en\/wp-json\/wp\/v2\/users\/1"}],"replies":[{"embeddable":true,"href":"https:\/\/oryxexpertise.com\/en\/wp-json\/wp\/v2\/comments?post=2823"}],"version-history":[{"count":0,"href":"https:\/\/oryxexpertise.com\/en\/wp-json\/wp\/v2\/pages\/2823\/revisions"}],"wp:attachment":[{"href":"https:\/\/oryxexpertise.com\/en\/wp-json\/wp\/v2\/media?parent=2823"}],"curies":[{"name":"wp","href":"https:\/\/api.w.org\/{rel}","templated":true}]}}