{"id":3091,"date":"2022-03-28T20:02:20","date_gmt":"2022-03-28T18:02:20","guid":{"rendered":"https:\/\/oryxexpertise.com\/?page_id=3091"},"modified":"2022-04-12T17:28:50","modified_gmt":"2022-04-12T15:28:50","slug":"due-diligence-environnementale-et-sociale-sur-la-mine-seguela","status":"publish","type":"page","link":"https:\/\/oryxexpertise.com\/en\/due-diligence-environnementale-et-sociale-sur-la-mine-seguela\/","title":{"rendered":"Environmental and Social Due Diligence on the S\u00e9gu\u00e9la mine"},"content":{"rendered":"<div class=\"wpb-content-wrapper\"><div class=\"vc_row wpb_row row top-row\"><div class=\"vc_column_container col-md-12\"><div class=\"wpb_wrapper vc_column-inner\">\r\n\t<div class=\"wpb_text_column wpb_content_element wpb_custom_7c91d232724f73626cc933bd95b25ff0\" >\r\n\t\t<div class=\"wpb_wrapper\">\r\n\t\t\t<p><\/p>\n<ul class=\"wp-block-list\">\n<li><strong>Name of the project<\/strong> : Environmental and Social Due Diligence on the S\u00e9gu\u00e9la mine<\/li>\n<li><strong>Client<\/strong> : Fortuna Silver Mine &#8211; RoxGold<\/li>\n<li><strong>place<\/strong> : C\u00f4te d&rsquo;Ivoire<\/li>\n<\/ul>\n\r\n\t\t<\/div>\r\n\t<\/div>\r\n<h2  class=\"vc_custom_heading vc_do_custom_heading wpb_custom_aa365bd5046e8294520b4e73732b9d15 align-left\" >Project summary<\/h2><div class=\"vc_row wpb_row vc_inner row\"><div class=\"vc_column_container col-md-8\"><div class=\"wpb_wrapper vc_column-inner\">\r\n\t<div class=\"wpb_text_column wpb_content_element wpb_custom_7c91d232724f73626cc933bd95b25ff0\" >\r\n\t\t<div class=\"wpb_wrapper\">\r\n\t\t\t<p>Analysis of documents and environmental studies conducted on the Seguela Gold Project (RCI), in order to identify potential gaps according to the IFC performance standards, and particularly with regard to Performance Standard No. 6 (PS6) which defines the notion of \"critical habitat\" with regard to biodiversity issues. The study consisted in defining the mapping of sites classified for their biodiversity value in the project area; characterizing the qualitative and quantitative level of baseline studies related to biodiversity and defining the gap; listing priority species for conservation; identifying the possible need for additional studies and their dimensioning; Evaluate the potential for triggering critical habitat for the selected species; materialize the potential of natural habitats and their characteristics; classify all recommendations related to biodiversity conservation in order to comply with the NP6-IFC.<\/p>\n\r\n\t\t<\/div>\r\n\t<\/div>\r\n<\/div><\/div><div class=\"vc_column_container col-md-4\"><div class=\"wpb_wrapper vc_column-inner\">\r\n\t<div class=\"wpb_single_image wpb_content_element vc_align_left wpb_content_element  wpb_custom_81a4f7ef9830bf958462581aa01150fb\"><div class=\"wpb_wrapper\">\r\n\t\t\t\r\n\t\t\t<div class=\"vc_single_image-wrapper   vc_box_border_grey\"><img fetchpriority=\"high\" decoding=\"async\" width=\"808\" height=\"456\" src=\"https:\/\/oryxexpertise.com\/wp-content\/uploads\/2022\/04\/5.jpg\" class=\"vc_single_image-img attachment-full\" alt=\"\" title=\"5\" srcset=\"https:\/\/oryxexpertise.com\/wp-content\/uploads\/2022\/04\/5.jpg 808w, https:\/\/oryxexpertise.com\/wp-content\/uploads\/2022\/04\/5-768x433.jpg 768w, https:\/\/oryxexpertise.com\/wp-content\/uploads\/2022\/04\/5-640x361.jpg 640w, https:\/\/oryxexpertise.com\/wp-content\/uploads\/2022\/04\/5-400x226.jpg 400w, https:\/\/oryxexpertise.com\/wp-content\/uploads\/2022\/04\/5-367x207.jpg 367w\" sizes=\"(max-width: 808px) 100vw, 808px\" \/><\/div>\r\n\t\t<\/div>\r\n\t<\/div>\r\n<\/div><\/div><\/div><\/div><\/div><\/div><div class=\"vc_row wpb_row row top-row\"><div class=\"vc_column_container col-md-12\"><div class=\"wpb_wrapper vc_column-inner\"><div class=\"floating-menu\"><div class=\"floating-menu-body\"><div class=\"floating-menu-row\"><button aria-label=\"Collapse the floating menu item\" class=\"btn floating-menu-btn-collapse-nav\" data-bs-toggle=\"collapse\" data-bs-target=\".floating-menu-nav-main\"><i class=\"fas fa-bars\"><\/i><\/button><div class=\"floating-menu-nav-main collapse\"><nav class=\"wrapper-spy\"><ul class=\"nav\"><li class=\"menu-item\"><a role=\"navigation\" href=\"https:\/\/oryxexpertise.com\/en\/nos-references\/\" class=\"text-color-dark background-color-primary\"><i class=\"Simple-Line-Icons-arrow-left-circle\"><\/i><span class=\"font-weight-bold\">References<\/span><\/a><\/li><\/ul><\/nav><\/div><\/div><\/div><\/div><script>\r\n( function() {\r\n\tvar porto_init_floating_menu = function() {\r\n\t\t( function( $ ) {\r\n\r\n\t\t\t\/*\r\n\t\t\t* Floating Menu Movement\r\n\t\t\t*\/\r\n\t\t\tvar menuFloatingAnim = {\r\n\t\t\t\t$menuFloating: $('.floating-menu .floating-menu-body > .floating-menu-row'),\r\n\r\n\t\t\t\tbuild: function() {\r\n\t\t\t\t\tvar self = this;\r\n\t\t\t\t\tself.init();\r\n\t\t\t\t},\r\n\t\t\t\tinit: function(){\r\n\t\t\t\t\tvar self  = this,\r\n\t\t\t\t\t\tdivisor = 0;\r\n\r\n\t\t\t\t\t$(window).on('scroll', function() {\r\n\t\t\t\t\t\tvar scrollPercent = 100 * $(window).scrollTop() \/ ($(document).height() - $(window).height()),\r\n\t\t\t\t\t\t\tst = $(this).scrollTop(),\r\n\t\t\t\t\t\t\tdivisor = $(document).height() \/ $(window).height();\r\n\t\t\t\t\t\tif (divisor < 1.5) {\r\n\t\t\t\t\t\t\treturn;\r\n\t\t\t\t\t\t}\r\n\t\t\t\t\t\tvar endValue = ($(document).height() - $(window).height()) \/ divisor,\r\n\t\t\t\t\t\t\toffsetPx = st \/ divisor,\r\n\t\t\t\t\t\t\toffsetTop = parseInt(self.$menuFloating.css('top'), 10);\r\n\t\t\t\t\t\tif (endValue - offsetTop - 40 < self.$menuFloating.height()) {\r\n\t\t\t\t\t\t\toffsetPx *= self.$menuFloating.height() \/ ( endValue - offsetTop - 40 );\r\n\t\t\t\t\t\t}\r\n\r\n\t\t\t\t\t\tself.$menuFloating.css({\r\n\t\t\t\t\t\t\ttransform : 'translateY( calc('+ scrollPercent +'vh - '+ offsetPx +'px) )' \r\n\t\t\t\t\t\t});\r\n\t\t\t\t\t});\r\n\t\t\t\t}\r\n\t\t\t}\r\n\r\n\t\t\tif( $('.floating-menu').length ) {\r\n\t\t\t\tif( $(window).height() > 700 ) {\r\n\t\t\t\t\tmenuFloatingAnim.build();\r\n\t\t\t\t}\r\n\t\t\t}\r\n\t\t} )( window.jQuery );\r\n\t};\r\n\r\n\tif ( window.theme && theme.isLoaded ) {\r\n\t\tporto_init_floating_menu();\r\n\t} else {\r\n\t\twindow.addEventListener( 'load', porto_init_floating_menu );\r\n\t}\r\n} )();\r\n<\/script>\r\n<\/div><\/div><\/div><\/div>","protected":false},"excerpt":{"rendered":"Nom du projet : Due Diligence Environnementale et Sociale sur la Mine d\u2019Or de S\u00e9gu\u00e9la Client : Fortuna Silver Mine - RoxGold Lieu : C\u00f4te d'Ivoire R\u00e9sum\u00e9 du projet Analyse des documents et des \u00e9tudes environnementales r\u00e9alis\u00e9es sur le projet aurif\u00e8re de S\u00e9gu\u00e9la (RCI), afin d\u2019identifier les potentielles lacunes selon les normes de performance de [...]","protected":false},"author":4,"featured_media":0,"parent":0,"menu_order":0,"comment_status":"closed","ping_status":"closed","template":"","meta":{"footnotes":""},"class_list":["post-3091","page","type-page","status-publish","hentry"],"yoast_head":"<!-- This site is optimized with the Yoast SEO plugin v23.5 - https:\/\/yoast.com\/wordpress\/plugins\/seo\/ -->\n<title>Due Diligence Environnementale et Sociale sur la mine S\u00e9gu\u00e9la - Oryx Expertise<\/title>\n<meta name=\"robots\" content=\"index, follow, max-snippet:-1, max-image-preview:large, max-video-preview:-1\" \/>\n<link rel=\"canonical\" href=\"https:\/\/oryxexpertise.com\/en\/due-diligence-environnementale-et-sociale-sur-la-mine-seguela\/\" \/>\n<meta property=\"og:locale\" content=\"en_GB\" \/>\n<meta property=\"og:type\" content=\"article\" \/>\n<meta property=\"og:title\" content=\"Due Diligence Environnementale et Sociale sur la mine S\u00e9gu\u00e9la - Oryx Expertise\" \/>\n<meta property=\"og:url\" content=\"https:\/\/oryxexpertise.com\/en\/due-diligence-environnementale-et-sociale-sur-la-mine-seguela\/\" \/>\n<meta property=\"og:site_name\" content=\"Oryx Expertise\" \/>\n<meta property=\"article:modified_time\" content=\"2022-04-12T15:28:50+00:00\" \/>\n<meta name=\"twitter:card\" content=\"summary_large_image\" \/>\n<meta name=\"twitter:label1\" content=\"Estimated reading time\" \/>\n\t<meta name=\"twitter:data1\" content=\"1 minute\" \/>\n<script type=\"application\/ld+json\" class=\"yoast-schema-graph\">{\"@context\":\"https:\/\/schema.org\",\"@graph\":[{\"@type\":\"WebPage\",\"@id\":\"https:\/\/oryxexpertise.com\/due-diligence-environnementale-et-sociale-sur-la-mine-seguela\/\",\"url\":\"https:\/\/oryxexpertise.com\/due-diligence-environnementale-et-sociale-sur-la-mine-seguela\/\",\"name\":\"Due Diligence Environnementale et Sociale sur la mine S\u00e9gu\u00e9la - Oryx Expertise\",\"isPartOf\":{\"@id\":\"https:\/\/oryxexpertise.com\/#website\"},\"datePublished\":\"2022-03-28T18:02:20+00:00\",\"dateModified\":\"2022-04-12T15:28:50+00:00\",\"breadcrumb\":{\"@id\":\"https:\/\/oryxexpertise.com\/due-diligence-environnementale-et-sociale-sur-la-mine-seguela\/#breadcrumb\"},\"inLanguage\":\"en-GB\",\"potentialAction\":[{\"@type\":\"ReadAction\",\"target\":[\"https:\/\/oryxexpertise.com\/due-diligence-environnementale-et-sociale-sur-la-mine-seguela\/\"]}]},{\"@type\":\"BreadcrumbList\",\"@id\":\"https:\/\/oryxexpertise.com\/due-diligence-environnementale-et-sociale-sur-la-mine-seguela\/#breadcrumb\",\"itemListElement\":[{\"@type\":\"ListItem\",\"position\":1,\"name\":\"Accueil\",\"item\":\"https:\/\/oryxexpertise.com\/\"},{\"@type\":\"ListItem\",\"position\":2,\"name\":\"Due Diligence Environnementale et Sociale sur la mine S\u00e9gu\u00e9la\"}]},{\"@type\":\"WebSite\",\"@id\":\"https:\/\/oryxexpertise.com\/#website\",\"url\":\"https:\/\/oryxexpertise.com\/\",\"name\":\"Oryx Expertise\",\"description\":\"Pour la conservation inclusive de la biodiversit\u00e9 et des \u00e9cosyst\u00e8mes ORYX accompagne vos projets\",\"publisher\":{\"@id\":\"https:\/\/oryxexpertise.com\/#organization\"},\"potentialAction\":[{\"@type\":\"SearchAction\",\"target\":{\"@type\":\"EntryPoint\",\"urlTemplate\":\"https:\/\/oryxexpertise.com\/?s={search_term_string}\"},\"query-input\":{\"@type\":\"PropertyValueSpecification\",\"valueRequired\":true,\"valueName\":\"search_term_string\"}}],\"inLanguage\":\"en-GB\"},{\"@type\":\"Organization\",\"@id\":\"https:\/\/oryxexpertise.com\/#organization\",\"name\":\"Oryx Expertise\",\"url\":\"https:\/\/oryxexpertise.com\/\",\"logo\":{\"@type\":\"ImageObject\",\"inLanguage\":\"en-GB\",\"@id\":\"https:\/\/oryxexpertise.com\/#\/schema\/logo\/image\/\",\"url\":\"https:\/\/oryxexpertise.com\/wp-content\/uploads\/2022\/01\/LOGO-ORYX-EXPERTISE-e1674722111770.png\",\"contentUrl\":\"https:\/\/oryxexpertise.com\/wp-content\/uploads\/2022\/01\/LOGO-ORYX-EXPERTISE-e1674722111770.png\",\"width\":300,\"height\":150,\"caption\":\"Oryx Expertise\"},\"image\":{\"@id\":\"https:\/\/oryxexpertise.com\/#\/schema\/logo\/image\/\"},\"sameAs\":[\"https:\/\/www.linkedin.com\/company\/oryx-expertise-groupe\/\"]}]}<\/script>\n<!-- \/ Yoast SEO plugin. -->","yoast_head_json":{"title":"Due Diligence Environnementale et Sociale sur la mine S\u00e9gu\u00e9la - Oryx Expertise","robots":{"index":"index","follow":"follow","max-snippet":"max-snippet:-1","max-image-preview":"max-image-preview:large","max-video-preview":"max-video-preview:-1"},"canonical":"https:\/\/oryxexpertise.com\/en\/due-diligence-environnementale-et-sociale-sur-la-mine-seguela\/","og_locale":"en_GB","og_type":"article","og_title":"Due Diligence Environnementale et Sociale sur la mine S\u00e9gu\u00e9la - Oryx Expertise","og_url":"https:\/\/oryxexpertise.com\/en\/due-diligence-environnementale-et-sociale-sur-la-mine-seguela\/","og_site_name":"Oryx Expertise","article_modified_time":"2022-04-12T15:28:50+00:00","twitter_card":"summary_large_image","twitter_misc":{"Estimated reading time":"1 minute"},"schema":{"@context":"https:\/\/schema.org","@graph":[{"@type":"WebPage","@id":"https:\/\/oryxexpertise.com\/due-diligence-environnementale-et-sociale-sur-la-mine-seguela\/","url":"https:\/\/oryxexpertise.com\/due-diligence-environnementale-et-sociale-sur-la-mine-seguela\/","name":"Due Diligence Environnementale et Sociale sur la mine S\u00e9gu\u00e9la - Oryx Expertise","isPartOf":{"@id":"https:\/\/oryxexpertise.com\/#website"},"datePublished":"2022-03-28T18:02:20+00:00","dateModified":"2022-04-12T15:28:50+00:00","breadcrumb":{"@id":"https:\/\/oryxexpertise.com\/due-diligence-environnementale-et-sociale-sur-la-mine-seguela\/#breadcrumb"},"inLanguage":"en-GB","potentialAction":[{"@type":"ReadAction","target":["https:\/\/oryxexpertise.com\/due-diligence-environnementale-et-sociale-sur-la-mine-seguela\/"]}]},{"@type":"BreadcrumbList","@id":"https:\/\/oryxexpertise.com\/due-diligence-environnementale-et-sociale-sur-la-mine-seguela\/#breadcrumb","itemListElement":[{"@type":"ListItem","position":1,"name":"Accueil","item":"https:\/\/oryxexpertise.com\/"},{"@type":"ListItem","position":2,"name":"Due Diligence Environnementale et Sociale sur la mine S\u00e9gu\u00e9la"}]},{"@type":"WebSite","@id":"https:\/\/oryxexpertise.com\/#website","url":"https:\/\/oryxexpertise.com\/","name":"Oryx expertise group","description":"Pour la conservation inclusive de la biodiversit\u00e9 et des \u00e9cosyst\u00e8mes ORYX accompagne vos projets","publisher":{"@id":"https:\/\/oryxexpertise.com\/#organization"},"potentialAction":[{"@type":"SearchAction","target":{"@type":"EntryPoint","urlTemplate":"https:\/\/oryxexpertise.com\/?s={search_term_string}"},"query-input":{"@type":"PropertyValueSpecification","valueRequired":true,"valueName":"search_term_string"}}],"inLanguage":"en-GB"},{"@type":"Organization","@id":"https:\/\/oryxexpertise.com\/#organization","name":"Oryx expertise group","url":"https:\/\/oryxexpertise.com\/","logo":{"@type":"ImageObject","inLanguage":"en-GB","@id":"https:\/\/oryxexpertise.com\/#\/schema\/logo\/image\/","url":"https:\/\/oryxexpertise.com\/wp-content\/uploads\/2022\/01\/LOGO-ORYX-EXPERTISE-e1674722111770.png","contentUrl":"https:\/\/oryxexpertise.com\/wp-content\/uploads\/2022\/01\/LOGO-ORYX-EXPERTISE-e1674722111770.png","width":300,"height":150,"caption":"Oryx Expertise"},"image":{"@id":"https:\/\/oryxexpertise.com\/#\/schema\/logo\/image\/"},"sameAs":["https:\/\/www.linkedin.com\/company\/oryx-expertise-groupe\/"]}]}},"_links":{"self":[{"href":"https:\/\/oryxexpertise.com\/en\/wp-json\/wp\/v2\/pages\/3091","targetHints":{"allow":["GET"]}}],"collection":[{"href":"https:\/\/oryxexpertise.com\/en\/wp-json\/wp\/v2\/pages"}],"about":[{"href":"https:\/\/oryxexpertise.com\/en\/wp-json\/wp\/v2\/types\/page"}],"author":[{"embeddable":true,"href":"https:\/\/oryxexpertise.com\/en\/wp-json\/wp\/v2\/users\/4"}],"replies":[{"embeddable":true,"href":"https:\/\/oryxexpertise.com\/en\/wp-json\/wp\/v2\/comments?post=3091"}],"version-history":[{"count":0,"href":"https:\/\/oryxexpertise.com\/en\/wp-json\/wp\/v2\/pages\/3091\/revisions"}],"wp:attachment":[{"href":"https:\/\/oryxexpertise.com\/en\/wp-json\/wp\/v2\/media?parent=3091"}],"curies":[{"name":"wp","href":"https:\/\/api.w.org\/{rel}","templated":true}]}}