{"id":3612,"date":"2023-04-11T17:01:05","date_gmt":"2023-04-11T15:01:05","guid":{"rendered":"https:\/\/oryxexpertise.com\/?page_id=3612"},"modified":"2023-09-29T14:24:46","modified_gmt":"2023-09-29T12:24:46","slug":"nies-projet-karita","status":"publish","type":"page","link":"https:\/\/oryxexpertise.com\/en\/nies-projet-karita\/","title":{"rendered":"NIES du projet Karita"},"content":{"rendered":"<ul class=\"wp-block-list\">\n<li><strong>Name of the project<\/strong> : Production d\u2019une Notice d\u2019Impact Environnemental et Social (NIES) sur le p\u00e9rim\u00e8tre de 50 km2 du site de prospection aurif\u00e8re de la concession de Karita, conform\u00e9ment aux engagements du code minier en vigueur et de la r\u00e9glementation guin\u00e9enne (arr\u00eat\u00e9 A\/2022\/1646\/MEDD\/CAB\/SGG du 25 juillet 2022).<\/li>\n\n\n\n<li><strong>Client<\/strong> : IAMGOLD CORPORATION<\/li>\n\n\n\n<li><strong>place<\/strong> : Site de Karita &#8211; Pr\u00e9fecture de Mali &#8211; Guin\u00e9e Conakry<\/li>\n<\/ul>\n\n\n\n<div class=\"wp-block-media-text alignwide has-media-on-the-right is-stacked-on-mobile\"><div class=\"wp-block-media-text__content\">\n<p>L&rsquo;\u00e9tude comprend :<\/p>\n\n\n\n<ul class=\"wp-block-list\">\n<li>Une description du projet : Informations g\u00e9n\u00e9rales, raison de la demande, description du projet y compris ses objectifs, sa justification, sa localisation, les activit\u00e9s \u00e0 entreprendre, les sp\u00e9cificit\u00e9s techniques, les infrastructures \u00e0 mettre en place si n\u00e9cessaire ;<\/li>\n\n\n\n<li>Une analyse de l\u2019\u00e9tat initial du site et de son environnement : Synth\u00e8se du milieu physique, biologique, humain et des contraintes environnementales majeures ;<\/li>\n\n\n\n<li>Une \u00e9valuation des cons\u00e9quences de la mise en \u0153uvre du programme d\u2019exploration sur le site et son environnement naturel et humain, y compris les Type des rejets (eau, air, bruit, d\u00e9chets), les exigences l\u00e9gales dans lesquelles il s\u2019inscrit ;<\/li>\n\n\n\n<li>Un PGES, qui \u00e9nonce et d\u00e9crit les mesures envisag\u00e9es pour \u00e9viter, r\u00e9duire ou compenser l\u2019impact du projet sur l\u2019environnement, y compris les impacts r\u00e9siduels, et estimation des co\u00fbts correspondants.<\/li>\n<\/ul>\n<\/div><figure class=\"wp-block-media-text__media\"><img fetchpriority=\"high\" decoding=\"async\" width=\"1024\" height=\"683\" src=\"https:\/\/oryxexpertise.com\/wp-content\/uploads\/2023\/04\/Karita-1-1024x683.jpg\" alt=\"\" class=\"wp-image-3625 size-full\" srcset=\"https:\/\/oryxexpertise.com\/wp-content\/uploads\/2023\/04\/Karita-1-1024x683.jpg 1024w, https:\/\/oryxexpertise.com\/wp-content\/uploads\/2023\/04\/Karita-1-768x512.jpg 768w, https:\/\/oryxexpertise.com\/wp-content\/uploads\/2023\/04\/Karita-1-640x427.jpg 640w, https:\/\/oryxexpertise.com\/wp-content\/uploads\/2023\/04\/Karita-1-400x267.jpg 400w, https:\/\/oryxexpertise.com\/wp-content\/uploads\/2023\/04\/Karita-1-367x245.jpg 367w\" sizes=\"(max-width: 1024px) 100vw, 1024px\" \/><\/figure><\/div>","protected":false},"excerpt":{"rendered":"Nom du projet : Production d\u2019une Notice d\u2019Impact Environnemental et Social (NIES) sur le p\u00e9rim\u00e8tre de 50 km2 du site de prospection aurif\u00e8re de la concession de Karita, conform\u00e9ment aux engagements du code minier en vigueur et de la r\u00e9glementation guin\u00e9enne (arr\u00eat\u00e9 A\/2022\/1646\/MEDD\/CAB\/SGG du 25 juillet 2022). Client : IAMGOLD CORPORATION Lieu : Site de [...]","protected":false},"author":4,"featured_media":0,"parent":0,"menu_order":0,"comment_status":"closed","ping_status":"closed","template":"","meta":{"footnotes":""},"class_list":["post-3612","page","type-page","status-publish","hentry"],"yoast_head":"<!-- This site is optimized with the Yoast SEO plugin v23.5 - https:\/\/yoast.com\/wordpress\/plugins\/seo\/ -->\n<title>NIES du projet Karita - Oryx Expertise<\/title>\n<meta name=\"robots\" content=\"index, follow, max-snippet:-1, max-image-preview:large, max-video-preview:-1\" \/>\n<link rel=\"canonical\" href=\"https:\/\/oryxexpertise.com\/en\/nies-projet-karita\/\" \/>\n<meta property=\"og:locale\" content=\"en_GB\" \/>\n<meta property=\"og:type\" content=\"article\" \/>\n<meta property=\"og:title\" content=\"NIES du projet Karita - Oryx Expertise\" \/>\n<meta property=\"og:url\" content=\"https:\/\/oryxexpertise.com\/en\/nies-projet-karita\/\" \/>\n<meta property=\"og:site_name\" content=\"Oryx Expertise\" \/>\n<meta property=\"article:modified_time\" content=\"2023-09-29T12:24:46+00:00\" \/>\n<meta property=\"og:image\" content=\"https:\/\/oryxexpertise.com\/wp-content\/uploads\/2023\/04\/Karita-1-1024x683.jpg\" \/>\n<meta name=\"twitter:card\" content=\"summary_large_image\" \/>\n<meta name=\"twitter:label1\" content=\"Estimated reading time\" \/>\n\t<meta name=\"twitter:data1\" content=\"1 minute\" \/>\n<script type=\"application\/ld+json\" class=\"yoast-schema-graph\">{\"@context\":\"https:\/\/schema.org\",\"@graph\":[{\"@type\":\"WebPage\",\"@id\":\"https:\/\/oryxexpertise.com\/nies-projet-karita\/\",\"url\":\"https:\/\/oryxexpertise.com\/nies-projet-karita\/\",\"name\":\"NIES du projet Karita - Oryx Expertise\",\"isPartOf\":{\"@id\":\"https:\/\/oryxexpertise.com\/#website\"},\"primaryImageOfPage\":{\"@id\":\"https:\/\/oryxexpertise.com\/nies-projet-karita\/#primaryimage\"},\"image\":{\"@id\":\"https:\/\/oryxexpertise.com\/nies-projet-karita\/#primaryimage\"},\"thumbnailUrl\":\"https:\/\/oryxexpertise.com\/wp-content\/uploads\/2023\/04\/Karita-1-1024x683.jpg\",\"datePublished\":\"2023-04-11T15:01:05+00:00\",\"dateModified\":\"2023-09-29T12:24:46+00:00\",\"breadcrumb\":{\"@id\":\"https:\/\/oryxexpertise.com\/nies-projet-karita\/#breadcrumb\"},\"inLanguage\":\"en-GB\",\"potentialAction\":[{\"@type\":\"ReadAction\",\"target\":[\"https:\/\/oryxexpertise.com\/nies-projet-karita\/\"]}]},{\"@type\":\"ImageObject\",\"inLanguage\":\"en-GB\",\"@id\":\"https:\/\/oryxexpertise.com\/nies-projet-karita\/#primaryimage\",\"url\":\"https:\/\/oryxexpertise.com\/wp-content\/uploads\/2023\/04\/Karita-1-1024x683.jpg\",\"contentUrl\":\"https:\/\/oryxexpertise.com\/wp-content\/uploads\/2023\/04\/Karita-1-1024x683.jpg\"},{\"@type\":\"BreadcrumbList\",\"@id\":\"https:\/\/oryxexpertise.com\/nies-projet-karita\/#breadcrumb\",\"itemListElement\":[{\"@type\":\"ListItem\",\"position\":1,\"name\":\"Accueil\",\"item\":\"https:\/\/oryxexpertise.com\/\"},{\"@type\":\"ListItem\",\"position\":2,\"name\":\"NIES du projet Karita\"}]},{\"@type\":\"WebSite\",\"@id\":\"https:\/\/oryxexpertise.com\/#website\",\"url\":\"https:\/\/oryxexpertise.com\/\",\"name\":\"Oryx Expertise\",\"description\":\"Pour la conservation inclusive de la biodiversit\u00e9 et des \u00e9cosyst\u00e8mes ORYX accompagne vos projets\",\"publisher\":{\"@id\":\"https:\/\/oryxexpertise.com\/#organization\"},\"potentialAction\":[{\"@type\":\"SearchAction\",\"target\":{\"@type\":\"EntryPoint\",\"urlTemplate\":\"https:\/\/oryxexpertise.com\/?s={search_term_string}\"},\"query-input\":{\"@type\":\"PropertyValueSpecification\",\"valueRequired\":true,\"valueName\":\"search_term_string\"}}],\"inLanguage\":\"en-GB\"},{\"@type\":\"Organization\",\"@id\":\"https:\/\/oryxexpertise.com\/#organization\",\"name\":\"Oryx Expertise\",\"url\":\"https:\/\/oryxexpertise.com\/\",\"logo\":{\"@type\":\"ImageObject\",\"inLanguage\":\"en-GB\",\"@id\":\"https:\/\/oryxexpertise.com\/#\/schema\/logo\/image\/\",\"url\":\"https:\/\/oryxexpertise.com\/wp-content\/uploads\/2022\/01\/LOGO-ORYX-EXPERTISE-e1674722111770.png\",\"contentUrl\":\"https:\/\/oryxexpertise.com\/wp-content\/uploads\/2022\/01\/LOGO-ORYX-EXPERTISE-e1674722111770.png\",\"width\":300,\"height\":150,\"caption\":\"Oryx Expertise\"},\"image\":{\"@id\":\"https:\/\/oryxexpertise.com\/#\/schema\/logo\/image\/\"},\"sameAs\":[\"https:\/\/www.linkedin.com\/company\/oryx-expertise-groupe\/\"]}]}<\/script>\n<!-- \/ Yoast SEO plugin. -->","yoast_head_json":{"title":"NIES du projet Karita - Oryx Expertise","robots":{"index":"index","follow":"follow","max-snippet":"max-snippet:-1","max-image-preview":"max-image-preview:large","max-video-preview":"max-video-preview:-1"},"canonical":"https:\/\/oryxexpertise.com\/en\/nies-projet-karita\/","og_locale":"en_GB","og_type":"article","og_title":"NIES du projet Karita - Oryx Expertise","og_url":"https:\/\/oryxexpertise.com\/en\/nies-projet-karita\/","og_site_name":"Oryx Expertise","article_modified_time":"2023-09-29T12:24:46+00:00","og_image":[{"url":"https:\/\/oryxexpertise.com\/wp-content\/uploads\/2023\/04\/Karita-1-1024x683.jpg"}],"twitter_card":"summary_large_image","twitter_misc":{"Estimated reading time":"1 minute"},"schema":{"@context":"https:\/\/schema.org","@graph":[{"@type":"WebPage","@id":"https:\/\/oryxexpertise.com\/nies-projet-karita\/","url":"https:\/\/oryxexpertise.com\/nies-projet-karita\/","name":"NIES du projet Karita - Oryx Expertise","isPartOf":{"@id":"https:\/\/oryxexpertise.com\/#website"},"primaryImageOfPage":{"@id":"https:\/\/oryxexpertise.com\/nies-projet-karita\/#primaryimage"},"image":{"@id":"https:\/\/oryxexpertise.com\/nies-projet-karita\/#primaryimage"},"thumbnailUrl":"https:\/\/oryxexpertise.com\/wp-content\/uploads\/2023\/04\/Karita-1-1024x683.jpg","datePublished":"2023-04-11T15:01:05+00:00","dateModified":"2023-09-29T12:24:46+00:00","breadcrumb":{"@id":"https:\/\/oryxexpertise.com\/nies-projet-karita\/#breadcrumb"},"inLanguage":"en-GB","potentialAction":[{"@type":"ReadAction","target":["https:\/\/oryxexpertise.com\/nies-projet-karita\/"]}]},{"@type":"ImageObject","inLanguage":"en-GB","@id":"https:\/\/oryxexpertise.com\/nies-projet-karita\/#primaryimage","url":"https:\/\/oryxexpertise.com\/wp-content\/uploads\/2023\/04\/Karita-1-1024x683.jpg","contentUrl":"https:\/\/oryxexpertise.com\/wp-content\/uploads\/2023\/04\/Karita-1-1024x683.jpg"},{"@type":"BreadcrumbList","@id":"https:\/\/oryxexpertise.com\/nies-projet-karita\/#breadcrumb","itemListElement":[{"@type":"ListItem","position":1,"name":"Accueil","item":"https:\/\/oryxexpertise.com\/"},{"@type":"ListItem","position":2,"name":"NIES du projet Karita"}]},{"@type":"WebSite","@id":"https:\/\/oryxexpertise.com\/#website","url":"https:\/\/oryxexpertise.com\/","name":"Oryx expertise group","description":"Pour la conservation inclusive de la biodiversit\u00e9 et des \u00e9cosyst\u00e8mes ORYX accompagne vos projets","publisher":{"@id":"https:\/\/oryxexpertise.com\/#organization"},"potentialAction":[{"@type":"SearchAction","target":{"@type":"EntryPoint","urlTemplate":"https:\/\/oryxexpertise.com\/?s={search_term_string}"},"query-input":{"@type":"PropertyValueSpecification","valueRequired":true,"valueName":"search_term_string"}}],"inLanguage":"en-GB"},{"@type":"Organization","@id":"https:\/\/oryxexpertise.com\/#organization","name":"Oryx expertise group","url":"https:\/\/oryxexpertise.com\/","logo":{"@type":"ImageObject","inLanguage":"en-GB","@id":"https:\/\/oryxexpertise.com\/#\/schema\/logo\/image\/","url":"https:\/\/oryxexpertise.com\/wp-content\/uploads\/2022\/01\/LOGO-ORYX-EXPERTISE-e1674722111770.png","contentUrl":"https:\/\/oryxexpertise.com\/wp-content\/uploads\/2022\/01\/LOGO-ORYX-EXPERTISE-e1674722111770.png","width":300,"height":150,"caption":"Oryx Expertise"},"image":{"@id":"https:\/\/oryxexpertise.com\/#\/schema\/logo\/image\/"},"sameAs":["https:\/\/www.linkedin.com\/company\/oryx-expertise-groupe\/"]}]}},"_links":{"self":[{"href":"https:\/\/oryxexpertise.com\/en\/wp-json\/wp\/v2\/pages\/3612","targetHints":{"allow":["GET"]}}],"collection":[{"href":"https:\/\/oryxexpertise.com\/en\/wp-json\/wp\/v2\/pages"}],"about":[{"href":"https:\/\/oryxexpertise.com\/en\/wp-json\/wp\/v2\/types\/page"}],"author":[{"embeddable":true,"href":"https:\/\/oryxexpertise.com\/en\/wp-json\/wp\/v2\/users\/4"}],"replies":[{"embeddable":true,"href":"https:\/\/oryxexpertise.com\/en\/wp-json\/wp\/v2\/comments?post=3612"}],"version-history":[{"count":3,"href":"https:\/\/oryxexpertise.com\/en\/wp-json\/wp\/v2\/pages\/3612\/revisions"}],"predecessor-version":[{"id":3697,"href":"https:\/\/oryxexpertise.com\/en\/wp-json\/wp\/v2\/pages\/3612\/revisions\/3697"}],"wp:attachment":[{"href":"https:\/\/oryxexpertise.com\/en\/wp-json\/wp\/v2\/media?parent=3612"}],"curies":[{"name":"wp","href":"https:\/\/api.w.org\/{rel}","templated":true}]}}