{"id":68,"date":"2016-06-14T05:24:19","date_gmt":"2016-06-14T05:24:19","guid":{"rendered":"http:\/\/sw-themes.com\/porto_dummy\/?page_id=68"},"modified":"2016-06-14T05:24:19","modified_gmt":"2016-06-14T05:24:19","slug":"careers","status":"publish","type":"page","link":"https:\/\/oryxexpertise.com\/en\/careers\/","title":{"rendered":"Careers"},"content":{"rendered":"<div class=\"wpb-content-wrapper\"><div class=\"vc_row wpb_row top-row vc_custom_1543890012935 porto-inner-container\"><div class=\"porto-wrap-container container\"><div class=\"row\"><div class=\"vc_column_container col-md-12 col-lg-8 col-12\"><div class=\"wpb_wrapper vc_column-inner\"><h2 style=\"font-size: 28px\" class=\"vc_custom_heading vc_do_custom_heading mb-3 wpb_custom_aa365bd5046e8294520b4e73732b9d15 align-left\" >Find Your <b>Opportunity<\/b><\/h2>\r\n\t<div class=\"wpb_text_column wpb_content_element wpb_animate_when_almost_visible wpb_fadeInUp fadeInUp lead mb-4 wpb_custom_7c91d232724f73626cc933bd95b25ff0\" >\r\n\t\t<div class=\"wpb_wrapper\">\r\n\t\t\t<p>Lorem ipsum dolor sit amet, consectetur adipiscing elit. Phasellus blandit massa enim. Nullam id varius nunc euismod facilisis neque, eu malesuada diam finibus non.<\/p>\n\r\n\t\t<\/div>\r\n\t<\/div>\r\n\r\n\t<div class=\"wpb_text_column wpb_content_element wpb_animate_when_almost_visible wpb_fadeInUp fadeInUp wpb_custom_7c91d232724f73626cc933bd95b25ff0\" >\r\n\t\t<div class=\"wpb_wrapper\">\r\n\t\t\t<p>Lorem ipsum dolor sit amet, consectetur adipiscing elit. Phasellus blandit massa enim. Nullam id varius nunc. Vivamus bibendum magna ex, et faucibus lacus venenatis eget. Suspendisse potenti. Curabitur euismod facilisis neque, eu malesuada diam finibus non. Nullam nec vehicula leo. Morbi porta ante eu feugiat mollis.<\/p>\n\r\n\t\t<\/div>\r\n\t<\/div>\r\n<\/div><\/div><div class=\"vc_column_container col-md-12 col-lg-4\"><div class=\"wpb_wrapper vc_column-inner\"><div class=\"porto-testimonial wpb_content_element appear-animation   wpb_custom_4760b66c0cbf51ec9a7673f3785bca75\" data-appear-animation=\"fadeIn\" data-appear-animation-delay=\"400\"><div class=\"testimonial\"><blockquote><p>Lorem ipsum dolor sit amet, consectetur adipiscing elit. Donec hendrerit vehicula est, in consequat. Curabitur euismod facilisis neque, eu malesuada diam.<\/p><\/blockquote><div class=\"testimonial-arrow-down\"><\/div><div class=\"testimonial-author\"><p><strong><\/strong><span><\/span><\/p><\/div><\/div><\/div><\/div><\/div><\/div><\/div><\/div><div class=\"vc_row wpb_row top-row vc_custom_1543891117429 section section-default mt-0 mb-0 section-no-borders porto-inner-container\"><div class=\"porto-wrap-container container\"><div class=\"row\"><div class=\"vc_column_container col-md-8\"><div class=\"wpb_wrapper vc_column-inner\"><h4  class=\"vc_custom_heading vc_do_custom_heading wpb_custom_aa365bd5046e8294520b4e73732b9d15 align-left\" >Current <strong>Openings<\/strong><\/h4><div class=\"accordion  mb-5 panel-modern\" id=\"accordion19167299\" data-collapsible=\"\" data-active-tab=\"1\"><div class=\"card card-default\"><div class=\"card-header\"><h4 class=\"card-title m-0\"><a class=\"accordion-toggle\" data-bs-toggle=\"collapse\" href=\"#collapse1846761608\">Senior Software Developer - Web Development<\/a><\/h4><\/div><div id=\"collapse1846761608\" class=\"collapse\"><div class=\"card-body\">\r\n\t<div class=\"wpb_text_column wpb_content_element wpb_custom_7c91d232724f73626cc933bd95b25ff0\" >\r\n\t\t<div class=\"wpb_wrapper\">\r\n\t\t\t<p>Suspendisse potenti. Curabitur euismod facilisis neque, eu malesuada diam finibus non. Nullam nec vehicula leo. Morbi porta ante eu feugiat mollis ellus blandit massa enim. Nullam id varius nunc ellus blandit massa enim. Nullam id varius nunc.<\/p>\n<p>Lorem ipsum dolor sit amet, consectetur adipiscing elit. Phasellus blandit massa enim. Nullam id varius nunc. Vivamus bibendum magna ex, et faucibus lacus venenatis eget.<\/p>\n<ul class=\"list list-inline mt-4 mb-3 text-sm\">\n<li class=\"list-inline-item\"><strong>LOCATION:<\/strong>\u00a0NEW YORK<\/li>\n<li class=\"list-inline-item ms-md-3\"><strong>QUALIFICATION:<\/strong>\u00a03+ YEARS EXPERIENCE, GRADUATION<\/li>\n<\/ul>\n<p><a class=\"btn btn-modern btn-dark\" href=\"#\">APPLY<\/a><\/p>\n\r\n\t\t<\/div>\r\n\t<\/div>\r\n<\/div><\/div><\/div> <div class=\"card card-default\"><div class=\"card-header\"><h4 class=\"card-title m-0\"><a class=\"accordion-toggle\" data-bs-toggle=\"collapse\" href=\"#collapse1633226554\">Infrastructure Monitoring - Software Developer<\/a><\/h4><\/div><div id=\"collapse1633226554\" class=\"collapse\"><div class=\"card-body\">\r\n\t<div class=\"wpb_text_column wpb_content_element wpb_custom_7c91d232724f73626cc933bd95b25ff0\" >\r\n\t\t<div class=\"wpb_wrapper\">\r\n\t\t\t<p>Suspendisse potenti. Curabitur euismod facilisis neque, eu malesuada diam finibus non. Nullam nec vehicula leo. Morbi porta ante eu feugiat mollis ellus blandit massa enim. Nullam id varius nunc ellus blandit massa enim. Nullam id varius nunc.<\/p>\n<p>Lorem ipsum dolor sit amet, consectetur adipiscing elit. Phasellus blandit massa enim. Nullam id varius nunc. Vivamus bibendum magna ex, et faucibus lacus venenatis eget.<\/p>\n<ul class=\"list list-inline mt-4 mb-3 text-sm\">\n<li class=\"list-inline-item\"><strong>LOCATION:<\/strong>\u00a0NEW YORK<\/li>\n<li class=\"list-inline-item ms-md-3\"><strong>QUALIFICATION:<\/strong>\u00a03+ YEARS EXPERIENCE, GRADUATION<\/li>\n<\/ul>\n<p><a class=\"btn btn-modern btn-dark\" href=\"#\">APPLY<\/a><\/p>\n\r\n\t\t<\/div>\r\n\t<\/div>\r\n<\/div><\/div><\/div> <div class=\"card card-default\"><div class=\"card-header\"><h4 class=\"card-title m-0\"><a class=\"accordion-toggle\" data-bs-toggle=\"collapse\" href=\"#collapse1650439161\">Main Developer - Software Developer<\/a><\/h4><\/div><div id=\"collapse1650439161\" class=\"collapse\"><div class=\"card-body\">\r\n\t<div class=\"wpb_text_column wpb_content_element wpb_custom_7c91d232724f73626cc933bd95b25ff0\" >\r\n\t\t<div class=\"wpb_wrapper\">\r\n\t\t\t<p>Suspendisse potenti. Curabitur euismod facilisis neque, eu malesuada diam finibus non. Nullam nec vehicula leo. Morbi porta ante eu feugiat mollis ellus blandit massa enim. Nullam id varius nunc ellus blandit massa enim. Nullam id varius nunc.<\/p>\n<p>Lorem ipsum dolor sit amet, consectetur adipiscing elit. Phasellus blandit massa enim. Nullam id varius nunc. Vivamus bibendum magna ex, et faucibus lacus venenatis eget.<\/p>\n<ul class=\"list list-inline mt-4 mb-3 text-sm\">\n<li class=\"list-inline-item\"><strong>LOCATION:<\/strong>\u00a0NEW YORK<\/li>\n<li class=\"list-inline-item ms-md-3\"><strong>QUALIFICATION:<\/strong>\u00a03+ YEARS EXPERIENCE, GRADUATION<\/li>\n<\/ul>\n<p><a class=\"btn btn-modern btn-dark\" href=\"#\">APPLY<\/a><\/p>\n\r\n\t\t<\/div>\r\n\t<\/div>\r\n<\/div><\/div><\/div> <div class=\"card card-default\"><div class=\"card-header\"><h4 class=\"card-title m-0\"><a class=\"accordion-toggle\" data-bs-toggle=\"collapse\" href=\"#collapse1644624512\">Front-End Developer - Software Developer<\/a><\/h4><\/div><div id=\"collapse1644624512\" class=\"collapse\"><div class=\"card-body\">\r\n\t<div class=\"wpb_text_column wpb_content_element wpb_custom_7c91d232724f73626cc933bd95b25ff0\" >\r\n\t\t<div class=\"wpb_wrapper\">\r\n\t\t\t<p>Suspendisse potenti. Curabitur euismod facilisis neque, eu malesuada diam finibus non. Nullam nec vehicula leo. Morbi porta ante eu feugiat mollis ellus blandit massa enim. Nullam id varius nunc ellus blandit massa enim. Nullam id varius nunc.<\/p>\n<p>Lorem ipsum dolor sit amet, consectetur adipiscing elit. Phasellus blandit massa enim. Nullam id varius nunc. Vivamus bibendum magna ex, et faucibus lacus venenatis eget.<\/p>\n<ul class=\"list list-inline mt-4 mb-3 text-sm\">\n<li class=\"list-inline-item\"><strong>LOCATION:<\/strong>\u00a0NEW YORK<\/li>\n<li class=\"list-inline-item ms-md-3\"><strong>QUALIFICATION:<\/strong>\u00a03+ YEARS EXPERIENCE, GRADUATION<\/li>\n<\/ul>\n<p><a class=\"btn btn-modern btn-dark\" href=\"#\">APPLY<\/a><\/p>\n\r\n\t\t<\/div>\r\n\t<\/div>\r\n<\/div><\/div><\/div> <div class=\"card card-default\"><div class=\"card-header\"><h4 class=\"card-title m-0\"><a class=\"accordion-toggle\" data-bs-toggle=\"collapse\" href=\"#collapse1517341165\">Lead Designer - Design<\/a><\/h4><\/div><div id=\"collapse1517341165\" class=\"collapse\"><div class=\"card-body\">\r\n\t<div class=\"wpb_text_column wpb_content_element wpb_custom_7c91d232724f73626cc933bd95b25ff0\" >\r\n\t\t<div class=\"wpb_wrapper\">\r\n\t\t\t<p>Suspendisse potenti. Curabitur euismod facilisis neque, eu malesuada diam finibus non. Nullam nec vehicula leo. Morbi porta ante eu feugiat mollis ellus blandit massa enim. Nullam id varius nunc ellus blandit massa enim. Nullam id varius nunc.<\/p>\n<p>Lorem ipsum dolor sit amet, consectetur adipiscing elit. Phasellus blandit massa enim. Nullam id varius nunc. Vivamus bibendum magna ex, et faucibus lacus venenatis eget.<\/p>\n<ul class=\"list list-inline mt-4 mb-3 text-sm\">\n<li class=\"list-inline-item\"><strong>LOCATION:<\/strong>\u00a0NEW YORK<\/li>\n<li class=\"list-inline-item ms-md-3\"><strong>QUALIFICATION:<\/strong>\u00a03+ YEARS EXPERIENCE, GRADUATION<\/li>\n<\/ul>\n<p><a class=\"btn btn-modern btn-dark\" href=\"#\">APPLY<\/a><\/p>\n\r\n\t\t<\/div>\r\n\t<\/div>\r\n<\/div><\/div><\/div> <\/div><\/div><\/div><div class=\"vc_column_container col-md-4\"><div class=\"wpb_wrapper vc_column-inner\"><div class=\"porto-carousel owl-carousel has-ccols ccols-xl-1 ccols-lg-1 ccols-md-1 ccols-sm-1 ccols-1 wpb_custom_c86c2fb53cae9eced42d4b8900a042f3\" data-appear-animation=\"fadeIn\" data-appear-animation-delay=\"400\" data-plugin-options=\"{&quot;themeConfig&quot;:true,&quot;stagePadding&quot;:0,&quot;margin&quot;:0,&quot;autoplay&quot;:false,&quot;mouseDrag&quot;:true,&quot;touchDrag&quot;:true,&quot;autoplayTimeout&quot;:5000,&quot;autoplayHoverPause&quot;:false,&quot;items&quot;:1,&quot;xl&quot;:1,&quot;lg&quot;:1,&quot;md&quot;:1,&quot;sm&quot;:1,&quot;xs&quot;:1,&quot;nav&quot;:false,&quot;dots&quot;:false,&quot;animateIn&quot;:&quot;&quot;,&quot;animateOut&quot;:&quot;&quot;,&quot;loop&quot;:false,&quot;center&quot;:false,&quot;video&quot;:false,&quot;lazyLoad&quot;:false,&quot;fullscreen&quot;:false}\">\r\n\t<div class=\"wpb_single_image wpb_content_element vc_align_left wpb_content_element  wpb_custom_81a4f7ef9830bf958462581aa01150fb\"><div class=\"wpb_wrapper\">\r\n\t\t\t\r\n\t\t\t<div class=\"vc_single_image-wrapper   vc_box_border_grey\"><img fetchpriority=\"high\" decoding=\"async\" width=\"400\" height=\"267\" src=\"https:\/\/oryxexpertise.com\/wp-content\/uploads\/2018\/12\/generic-corporate-3-1-medium.jpg\" class=\"vc_single_image-img attachment-full\" alt=\"\" title=\"generic-corporate-3-1-medium\" srcset=\"https:\/\/oryxexpertise.com\/wp-content\/uploads\/2018\/12\/generic-corporate-3-1-medium.jpg 400w, https:\/\/oryxexpertise.com\/wp-content\/uploads\/2018\/12\/generic-corporate-3-1-medium-367x245.jpg 367w\" sizes=\"(max-width: 400px) 100vw, 400px\" \/><\/div>\r\n\t\t<\/div>\r\n\t<\/div>\r\n\r\n\t<div class=\"wpb_single_image wpb_content_element vc_align_left wpb_content_element  wpb_custom_81a4f7ef9830bf958462581aa01150fb\"><div class=\"wpb_wrapper\">\r\n\t\t\t\r\n\t\t\t<div class=\"vc_single_image-wrapper   vc_box_border_grey\"><img decoding=\"async\" width=\"400\" height=\"267\" src=\"https:\/\/oryxexpertise.com\/wp-content\/uploads\/2018\/12\/generic-corporate-3-2-medium.jpg\" class=\"vc_single_image-img attachment-full\" alt=\"\" title=\"generic-corporate-3-2-medium\" srcset=\"https:\/\/oryxexpertise.com\/wp-content\/uploads\/2018\/12\/generic-corporate-3-2-medium.jpg 400w, https:\/\/oryxexpertise.com\/wp-content\/uploads\/2018\/12\/generic-corporate-3-2-medium-367x245.jpg 367w\" sizes=\"(max-width: 400px) 100vw, 400px\" \/><\/div>\r\n\t\t<\/div>\r\n\t<\/div>\r\n\r\n\t<div class=\"wpb_single_image wpb_content_element vc_align_left wpb_content_element  wpb_custom_81a4f7ef9830bf958462581aa01150fb\"><div class=\"wpb_wrapper\">\r\n\t\t\t\r\n\t\t\t<div class=\"vc_single_image-wrapper   vc_box_border_grey\"><img decoding=\"async\" width=\"400\" height=\"267\" src=\"https:\/\/oryxexpertise.com\/wp-content\/uploads\/2018\/12\/generic-corporate-3-3-medium.jpg\" class=\"vc_single_image-img attachment-full\" alt=\"\" title=\"generic-corporate-3-3-medium\" srcset=\"https:\/\/oryxexpertise.com\/wp-content\/uploads\/2018\/12\/generic-corporate-3-3-medium.jpg 400w, https:\/\/oryxexpertise.com\/wp-content\/uploads\/2018\/12\/generic-corporate-3-3-medium-367x245.jpg 367w\" sizes=\"(max-width: 400px) 100vw, 400px\" \/><\/div>\r\n\t\t<\/div>\r\n\t<\/div>\r\n<\/div><div class=\"porto-toggles wpb_content_element  toggle-simple\"><section class=\"vc_do_toggle toggle  active\"><label>Our Benefits<\/label><div class=\"toggle-content\"><p>Lorem ipsum dolor sit amet, consectetur adipiscing elit. Curabitur pellentesque neque eget diam posuere porta. Quisque ut nulla at nunc\u00a0<a href=\"https:\/\/preview.oklerthemes.com\/porto\/7.0.0\/page-careers.html#\">vehicula<\/a>\u00a0lacinia. Proin adipiscing porta tellus, ut feugiat nibh adipiscing sit amet.<\/p>\n<\/div><\/section><section class=\"vc_do_toggle toggle\"><label>Our Culture<\/label><div class=\"toggle-content\"><p>Lorem ipsum dolor sit amet, consectetur adipiscing elit. Curabitur eget leo at velit imperdiet varius. In eu ipsum vitae velit congue iaculis vitae at risus. Nullam tortor nunc, bibendum vitae semper a, volutpat eget massa. Lorem ipsum dolor sit amet, consectetur adipiscing elit. Integer fringilla, orci sit amet posuere auctor.<\/p>\n<\/div><\/section><section class=\"vc_do_toggle toggle\"><label>Join Our Team<\/label><div class=\"toggle-content\"><p>Lorem ipsum dolor sit amet, consectetur adipiscing elit. Curabitur eget leo at velit imperdiet varius. In eu ipsum vitae velit congue iaculis vitae at risus. Nullam tortor nunc, bibendum vitae semper a, volutpat eget massa. Lorem ipsum dolor sit amet, consectetur adipiscing elit. Integer fringilla, orci sit amet posuere auctor, orci eros pellentesque odio, nec pellentesque erat ligula nec massa. Aenean consequat lorem ut felis ullamcorper posuere gravida tellus faucibus. Maecenas dolor elit, pulvinar eu vehicula eu, consequat et lacus. Duis et purus ipsum. In auctor mattis ipsum id molestie. Donec risus nulla, fringilla a rhoncus vitae, semper a massa. Vivamus ullamcorper, enim sit amet consequat laoreet, tortor tortor dictum urna, ut egestas urna ipsum nec libero. Nulla justo leo, molestie vel tempor nec, egestas at massa. Aenean pulvinar, felis porttitor iaculis pulvinar, odio orci sodales odio, ac pulvinar felis quam sit.<\/p>\n<\/div><\/section><\/div><\/div><\/div><\/div><\/div><\/div>\n<\/div>","protected":false},"excerpt":{"rendered":"Find Your Opportunity Lorem ipsum dolor sit amet, consectetur adipiscing elit. Phasellus blandit massa enim. Nullam id varius nunc euismod facilisis neque, eu malesuada diam finibus non. Lorem ipsum dolor sit amet, consectetur adipiscing elit. Phasellus blandit massa enim. Nullam id varius nunc. Vivamus bibendum magna ex, et faucibus lacus venenatis eget. Suspendisse potenti. Curabitur [...]","protected":false},"author":1,"featured_media":0,"parent":0,"menu_order":0,"comment_status":"closed","ping_status":"closed","template":"","meta":{"footnotes":""},"class_list":["post-68","page","type-page","status-publish","hentry"],"yoast_head":"<!-- This site is optimized with the Yoast SEO plugin v23.5 - https:\/\/yoast.com\/wordpress\/plugins\/seo\/ -->\n<title>Careers - Oryx Expertise<\/title>\n<meta name=\"robots\" content=\"index, follow, max-snippet:-1, max-image-preview:large, max-video-preview:-1\" \/>\n<link rel=\"canonical\" href=\"https:\/\/oryxexpertise.com\/en\/careers\/\" \/>\n<meta property=\"og:locale\" content=\"en_GB\" \/>\n<meta property=\"og:type\" content=\"article\" \/>\n<meta property=\"og:title\" content=\"Careers - Oryx Expertise\" \/>\n<meta property=\"og:url\" content=\"https:\/\/oryxexpertise.com\/en\/careers\/\" \/>\n<meta property=\"og:site_name\" content=\"Oryx Expertise\" \/>\n<meta name=\"twitter:card\" content=\"summary_large_image\" \/>\n<meta name=\"twitter:label1\" content=\"Estimated reading time\" \/>\n\t<meta name=\"twitter:data1\" content=\"5 minutes\" \/>\n<script type=\"application\/ld+json\" class=\"yoast-schema-graph\">{\"@context\":\"https:\/\/schema.org\",\"@graph\":[{\"@type\":\"WebPage\",\"@id\":\"https:\/\/oryxexpertise.com\/careers\/\",\"url\":\"https:\/\/oryxexpertise.com\/careers\/\",\"name\":\"Careers - Oryx Expertise\",\"isPartOf\":{\"@id\":\"https:\/\/oryxexpertise.com\/#website\"},\"datePublished\":\"2016-06-14T05:24:19+00:00\",\"dateModified\":\"2016-06-14T05:24:19+00:00\",\"breadcrumb\":{\"@id\":\"https:\/\/oryxexpertise.com\/careers\/#breadcrumb\"},\"inLanguage\":\"en-GB\",\"potentialAction\":[{\"@type\":\"ReadAction\",\"target\":[\"https:\/\/oryxexpertise.com\/careers\/\"]}]},{\"@type\":\"BreadcrumbList\",\"@id\":\"https:\/\/oryxexpertise.com\/careers\/#breadcrumb\",\"itemListElement\":[{\"@type\":\"ListItem\",\"position\":1,\"name\":\"Accueil\",\"item\":\"https:\/\/oryxexpertise.com\/\"},{\"@type\":\"ListItem\",\"position\":2,\"name\":\"Careers\"}]},{\"@type\":\"WebSite\",\"@id\":\"https:\/\/oryxexpertise.com\/#website\",\"url\":\"https:\/\/oryxexpertise.com\/\",\"name\":\"Oryx Expertise\",\"description\":\"Pour la conservation inclusive de la biodiversit\u00e9 et des \u00e9cosyst\u00e8mes ORYX accompagne vos projets\",\"publisher\":{\"@id\":\"https:\/\/oryxexpertise.com\/#organization\"},\"potentialAction\":[{\"@type\":\"SearchAction\",\"target\":{\"@type\":\"EntryPoint\",\"urlTemplate\":\"https:\/\/oryxexpertise.com\/?s={search_term_string}\"},\"query-input\":{\"@type\":\"PropertyValueSpecification\",\"valueRequired\":true,\"valueName\":\"search_term_string\"}}],\"inLanguage\":\"en-GB\"},{\"@type\":\"Organization\",\"@id\":\"https:\/\/oryxexpertise.com\/#organization\",\"name\":\"Oryx Expertise\",\"url\":\"https:\/\/oryxexpertise.com\/\",\"logo\":{\"@type\":\"ImageObject\",\"inLanguage\":\"en-GB\",\"@id\":\"https:\/\/oryxexpertise.com\/#\/schema\/logo\/image\/\",\"url\":\"https:\/\/oryxexpertise.com\/wp-content\/uploads\/2022\/01\/LOGO-ORYX-EXPERTISE-e1674722111770.png\",\"contentUrl\":\"https:\/\/oryxexpertise.com\/wp-content\/uploads\/2022\/01\/LOGO-ORYX-EXPERTISE-e1674722111770.png\",\"width\":300,\"height\":150,\"caption\":\"Oryx Expertise\"},\"image\":{\"@id\":\"https:\/\/oryxexpertise.com\/#\/schema\/logo\/image\/\"},\"sameAs\":[\"https:\/\/www.linkedin.com\/company\/oryx-expertise-groupe\/\"]}]}<\/script>\n<!-- \/ Yoast SEO plugin. -->","yoast_head_json":{"title":"Careers - Oryx Expertise","robots":{"index":"index","follow":"follow","max-snippet":"max-snippet:-1","max-image-preview":"max-image-preview:large","max-video-preview":"max-video-preview:-1"},"canonical":"https:\/\/oryxexpertise.com\/en\/careers\/","og_locale":"en_GB","og_type":"article","og_title":"Careers - Oryx Expertise","og_url":"https:\/\/oryxexpertise.com\/en\/careers\/","og_site_name":"Oryx Expertise","twitter_card":"summary_large_image","twitter_misc":{"Estimated reading time":"5 minutes"},"schema":{"@context":"https:\/\/schema.org","@graph":[{"@type":"WebPage","@id":"https:\/\/oryxexpertise.com\/careers\/","url":"https:\/\/oryxexpertise.com\/careers\/","name":"Careers - Oryx Expertise","isPartOf":{"@id":"https:\/\/oryxexpertise.com\/#website"},"datePublished":"2016-06-14T05:24:19+00:00","dateModified":"2016-06-14T05:24:19+00:00","breadcrumb":{"@id":"https:\/\/oryxexpertise.com\/careers\/#breadcrumb"},"inLanguage":"en-GB","potentialAction":[{"@type":"ReadAction","target":["https:\/\/oryxexpertise.com\/careers\/"]}]},{"@type":"BreadcrumbList","@id":"https:\/\/oryxexpertise.com\/careers\/#breadcrumb","itemListElement":[{"@type":"ListItem","position":1,"name":"Accueil","item":"https:\/\/oryxexpertise.com\/"},{"@type":"ListItem","position":2,"name":"Careers"}]},{"@type":"WebSite","@id":"https:\/\/oryxexpertise.com\/#website","url":"https:\/\/oryxexpertise.com\/","name":"Oryx expertise group","description":"Pour la conservation inclusive de la biodiversit\u00e9 et des \u00e9cosyst\u00e8mes ORYX accompagne vos projets","publisher":{"@id":"https:\/\/oryxexpertise.com\/#organization"},"potentialAction":[{"@type":"SearchAction","target":{"@type":"EntryPoint","urlTemplate":"https:\/\/oryxexpertise.com\/?s={search_term_string}"},"query-input":{"@type":"PropertyValueSpecification","valueRequired":true,"valueName":"search_term_string"}}],"inLanguage":"en-GB"},{"@type":"Organization","@id":"https:\/\/oryxexpertise.com\/#organization","name":"Oryx expertise group","url":"https:\/\/oryxexpertise.com\/","logo":{"@type":"ImageObject","inLanguage":"en-GB","@id":"https:\/\/oryxexpertise.com\/#\/schema\/logo\/image\/","url":"https:\/\/oryxexpertise.com\/wp-content\/uploads\/2022\/01\/LOGO-ORYX-EXPERTISE-e1674722111770.png","contentUrl":"https:\/\/oryxexpertise.com\/wp-content\/uploads\/2022\/01\/LOGO-ORYX-EXPERTISE-e1674722111770.png","width":300,"height":150,"caption":"Oryx Expertise"},"image":{"@id":"https:\/\/oryxexpertise.com\/#\/schema\/logo\/image\/"},"sameAs":["https:\/\/www.linkedin.com\/company\/oryx-expertise-groupe\/"]}]}},"_links":{"self":[{"href":"https:\/\/oryxexpertise.com\/en\/wp-json\/wp\/v2\/pages\/68","targetHints":{"allow":["GET"]}}],"collection":[{"href":"https:\/\/oryxexpertise.com\/en\/wp-json\/wp\/v2\/pages"}],"about":[{"href":"https:\/\/oryxexpertise.com\/en\/wp-json\/wp\/v2\/types\/page"}],"author":[{"embeddable":true,"href":"https:\/\/oryxexpertise.com\/en\/wp-json\/wp\/v2\/users\/1"}],"replies":[{"embeddable":true,"href":"https:\/\/oryxexpertise.com\/en\/wp-json\/wp\/v2\/comments?post=68"}],"version-history":[{"count":0,"href":"https:\/\/oryxexpertise.com\/en\/wp-json\/wp\/v2\/pages\/68\/revisions"}],"wp:attachment":[{"href":"https:\/\/oryxexpertise.com\/en\/wp-json\/wp\/v2\/media?parent=68"}],"curies":[{"name":"wp","href":"https:\/\/api.w.org\/{rel}","templated":true}]}}